{"id":950,"date":"2023-10-05T11:26:52","date_gmt":"2023-10-05T11:26:52","guid":{"rendered":"https:\/\/uszkota.pl\/?page_id=950"},"modified":"2023-11-08T17:57:12","modified_gmt":"2023-11-08T17:57:12","slug":"praca","status":"publish","type":"page","link":"https:\/\/uszkota.pl\/en\/praca\/","title":{"rendered":"Job"},"content":{"rendered":"<div class=\"wp-block-cover alignfull has-parallax\"><span aria-hidden=\"true\" class=\"wp-block-cover__background has-background-dim-60 has-background-dim\" style=\"background-color:#181818\"><\/span><div role=\"img\" class=\"wp-block-cover__image-background wp-image-171 has-parallax\" style=\"background-position:50% 50%;background-image:url(https:\/\/uszkota.pl\/wp-content\/uploads\/2022\/08\/wallpaper-g0650d0adb_1920-1.jpg)\"><\/div><div class=\"wp-block-cover__inner-container is-layout-flow wp-block-cover-is-layout-flow\">\n<h2 class=\"wp-block-heading has-text-align-center intrace-animate intrace-move-up intrace-delay-1 has-text-color has-small-font-size\" style=\"color:#f2db66;font-style:normal;font-weight:600;letter-spacing:2px;text-transform:uppercase\">Want to join the team?<\/h2>\n\n\n\n<h2 class=\"wp-block-heading has-text-align-center intrace-animate intrace-move-up intrace-delay-3 has-white-color has-text-color\" style=\"font-size:32px;font-style:normal;font-weight:600;letter-spacing:2px;text-transform:uppercase\">With us you will receive:<\/h2>\n<\/div><\/div>\n\n\n\n<div class=\"wp-block-group alignwide is-style-customboxshadow intrace-margin-top-n2 intrace-z-index-10 has-white-background-color has-background is-layout-constrained wp-block-group-is-layout-constrained\">\n<div class=\"wp-block-columns intrace-margin-top-n260 intrace-z-index-10 is-layout-flex wp-container-core-columns-is-layout-7705d9bc wp-block-columns-is-layout-flex\" style=\"padding-bottom:80px\">\n<div class=\"wp-block-column intrace-animate intrace-move-up intrace-delay-1 is-layout-flow wp-block-column-is-layout-flow\" style=\"padding-top:100px\">\n<div class=\"wp-block-group is-style-customboxshadow intrace-margin-top-n2 intrace-z-index-10 has-intrace-border-2-background-color has-background is-layout-flow wp-block-group-is-layout-flow\" style=\"padding-top:30px;padding-right:40px;padding-bottom:50px;padding-left:40px\">\n<div class=\"wp-block-columns are-vertically-aligned-center is-layout-flex wp-container-core-columns-is-layout-28f84493 wp-block-columns-is-layout-flex\">\n<div class=\"wp-block-column is-vertically-aligned-center is-layout-flow wp-block-column-is-layout-flow\">\n<figure class=\"wp-block-image alignright size-full\"><img loading=\"lazy\" decoding=\"async\" width=\"96\" height=\"96\" src=\"https:\/\/uszkota.pl\/wp-content\/uploads\/2022\/08\/1-1.png\" alt=\"\" class=\"wp-image-361\"\/><\/figure>\n<\/div>\n\n\n\n<div class=\"wp-block-column is-vertically-aligned-center is-layout-flow wp-block-column-is-layout-flow\">\n<h2 class=\"wp-block-heading has-text-align-center\">Attractive rate<\/h2>\n\n\n\n<p>In addition to an attractive hourly rate - you can also count on numerous bonuses and tips! This means that the amount of your earnings is mainly up to you!<\/p>\n<\/div>\n<\/div>\n<\/div>\n\n\n\n<div class=\"wp-block-group is-style-customboxshadow intrace-margin-top-n intrace-z-index-10 has-white-background-color has-background is-layout-flow wp-block-group-is-layout-flow\" style=\"padding-top:30px;padding-right:40px;padding-bottom:50px;padding-left:40px\">\n<div class=\"wp-block-columns are-vertically-aligned-center is-layout-flex wp-container-core-columns-is-layout-28f84493 wp-block-columns-is-layout-flex\">\n<div class=\"wp-block-column is-vertically-aligned-center is-layout-flow wp-block-column-is-layout-flow\">\n<h2 class=\"wp-block-heading has-text-align-center\">Flexible working hours<\/h2>\n\n\n\n<p>The majority of our team are students. Therefore, we perfectly understand that imposing a rigid hourly framework does not make sense. You work when you can!<\/p>\n<\/div>\n\n\n\n<div class=\"wp-block-column is-vertically-aligned-center is-layout-flow wp-block-column-is-layout-flow\">\n<figure class=\"wp-block-image alignleft size-full\"><img loading=\"lazy\" decoding=\"async\" width=\"96\" height=\"96\" src=\"https:\/\/uszkota.pl\/wp-content\/uploads\/2022\/08\/2-1.png\" alt=\"\" class=\"wp-image-362\"\/><\/figure>\n<\/div>\n<\/div>\n<\/div>\n<\/div>\n<\/div>\n\n\n\n<div class=\"wp-block-columns intrace-margin-bottom-p50 intrace-margin-top-n100 intrace-z-index-10 is-layout-flex wp-container-core-columns-is-layout-7705d9bc wp-block-columns-is-layout-flex\" style=\"padding-bottom:80px\">\n<div class=\"wp-block-column intrace-animate intrace-move-up intrace-delay-1 is-layout-flow wp-block-column-is-layout-flow\" style=\"padding-top:100px\">\n<div class=\"wp-block-group is-style-customboxshadow intrace-margin-top-n50 intrace-z-index-10 has-intrace-background-background-color has-background is-layout-flow wp-block-group-is-layout-flow\" style=\"padding-top:30px;padding-right:40px;padding-bottom:50px;padding-left:40px\">\n<div class=\"wp-block-columns are-vertically-aligned-center is-layout-flex wp-container-core-columns-is-layout-28f84493 wp-block-columns-is-layout-flex\">\n<div class=\"wp-block-column is-vertically-aligned-center is-layout-flow wp-block-column-is-layout-flow\">\n<figure class=\"wp-block-image alignright size-full\"><img loading=\"lazy\" decoding=\"async\" width=\"96\" height=\"96\" src=\"https:\/\/uszkota.pl\/wp-content\/uploads\/2022\/08\/3-1.png\" alt=\"\" class=\"wp-image-363\"\/><\/figure>\n<\/div>\n\n\n\n<div class=\"wp-block-column is-vertically-aligned-center is-layout-flow wp-block-column-is-layout-flow\">\n<h2 class=\"wp-block-heading has-text-align-center\">A casual atmosphere<\/h2>\n\n\n\n<p>We are a family business and we care about a family atmosphere. We will listen to every problem and we will support you in a difficult situation!<\/p>\n<\/div>\n<\/div>\n<\/div>\n\n\n\n<div class=\"wp-block-group is-style-customboxshadow intrace-margin-top-n intrace-z-index-10 has-white-background-color has-background is-layout-flow wp-block-group-is-layout-flow\" style=\"padding-top:30px;padding-right:40px;padding-bottom:50px;padding-left:40px\">\n<div class=\"wp-block-columns are-vertically-aligned-center is-layout-flex wp-container-core-columns-is-layout-28f84493 wp-block-columns-is-layout-flex\">\n<div class=\"wp-block-column is-vertically-aligned-center is-layout-flow wp-block-column-is-layout-flow\">\n<h2 class=\"wp-block-heading has-text-align-center\">Adjustment to the course of study<\/h2>\n\n\n\n<p>We support our team in education! Properly matched hours, rate and atmosphere make a u Szkota is a great place to earn money for studies.<\/p>\n<\/div>\n\n\n\n<div class=\"wp-block-column is-vertically-aligned-center is-layout-flow wp-block-column-is-layout-flow\">\n<figure class=\"wp-block-image alignleft size-full\"><img loading=\"lazy\" decoding=\"async\" width=\"96\" height=\"96\" src=\"https:\/\/uszkota.pl\/wp-content\/uploads\/2022\/08\/4.png\" alt=\"\" class=\"wp-image-364\"\/><\/figure>\n<\/div>\n<\/div>\n<\/div>\n<\/div>\n<\/div>\n\n\n\n<div class=\"wp-block-columns are-vertically-aligned-center is-layout-flex wp-container-core-columns-is-layout-28f84493 wp-block-columns-is-layout-flex\">\n<div class=\"wp-block-column is-layout-flow wp-block-column-is-layout-flow\" style=\"flex-basis:50%\">\n<figure class=\"wp-block-image\"><img loading=\"lazy\" decoding=\"async\" width=\"722\" height=\"1024\" src=\"https:\/\/uszkota.pl\/wp-content\/uploads\/2023\/11\/Projekt-bez-nazwy-6-722x1024.png\" alt=\"\" class=\"wp-image-1057\" srcset=\"https:\/\/uszkota.pl\/wp-content\/uploads\/2023\/11\/Projekt-bez-nazwy-6-722x1024.png 722w, https:\/\/uszkota.pl\/wp-content\/uploads\/2023\/11\/Projekt-bez-nazwy-6-211x300.png 211w, https:\/\/uszkota.pl\/wp-content\/uploads\/2023\/11\/Projekt-bez-nazwy-6-768x1090.png 768w, https:\/\/uszkota.pl\/wp-content\/uploads\/2023\/11\/Projekt-bez-nazwy-6-8x12.png 8w, https:\/\/uszkota.pl\/wp-content\/uploads\/2023\/11\/Projekt-bez-nazwy-6.png 881w\" sizes=\"auto, (max-width: 722px) 100vw, 722px\" \/><\/figure>\n<\/div>\n\n\n\n<div class=\"wp-block-column is-layout-flow wp-block-column-is-layout-flow\" style=\"flex-basis:50%\">\n<h2 class=\"wp-block-heading\">Join us!<\/h2>\n\n\n\n<div class=\"forminator-guttenberg\"><div class=\"forminator-ui forminator-custom-form forminator-custom-form-358 forminator-design--default  forminator_ajax\" data-forminator-render=\"0\" data-form=\"forminator-module-358\" data-uid=\"69e0e9b25bc82\"><br\/><\/div><form\n\t\t\t\tid=\"forminator-module-358\"\n\t\t\t\tclass=\"forminator-ui forminator-custom-form forminator-custom-form-358 forminator-design--default  forminator_ajax\"\n\t\t\t\tmethod=\"post\"\n\t\t\t\tdata-forminator-render=\"0\"\n\t\t\t\tdata-form-id=\"358\"\n\t\t\t\tenctype=\"multipart\/form-data\" data-color-option=\"default\" data-design=\"default\" data-grid=\"open\" style=\"display: none;\"\n\t\t\t\tdata-uid=\"69e0e9b25bc82\" action=\"\"\n\t\t\t><div role=\"alert\" aria-live=\"polite\" class=\"forminator-response-message forminator-error\" aria-hidden=\"true\"><\/div><div class=\"forminator-row\"><div id=\"name-1\" class=\"forminator-field-name forminator-col forminator-col-12\"><div class=\"forminator-field\"><label for=\"forminator-field-name-1_69e0e9b25bc82\" id=\"forminator-field-name-1_69e0e9b25bc82-label\" class=\"forminator-label\">Name <span class=\"forminator-required\">*<\/span><\/label><input type=\"text\" name=\"name-1\" value=\"\" placeholder=\"For example: John Smith\" id=\"forminator-field-name-1_69e0e9b25bc82\" class=\"forminator-input forminator-name--field\" aria-required=\"true\" autocomplete=\"name\" \/><\/div><\/div><\/div><div class=\"forminator-row\"><div id=\"email-1\" class=\"forminator-field-email forminator-col forminator-col-12\"><div class=\"forminator-field\"><label for=\"forminator-field-email-1_69e0e9b25bc82\" id=\"forminator-field-email-1_69e0e9b25bc82-label\" class=\"forminator-label\">e-mail address <span class=\"forminator-required\">*<\/span><\/label><input type=\"email\" name=\"email-1\" value=\"\" placeholder=\"For example: john@smith.com\" id=\"forminator-field-email-1_69e0e9b25bc82\" class=\"forminator-input forminator-email--field\" data-required=\"1\" aria-required=\"true\" autocomplete=\"email\" \/><\/div><\/div><\/div><div class=\"forminator-row\"><div id=\"upload-1\" class=\"forminator-field-upload forminator-col forminator-col-12\"><div class=\"forminator-field\"><label for=\"forminator-field-upload-1_69e0e9b25bc82\" id=\"forminator-field-upload-1_69e0e9b25bc82-label\" class=\"forminator-label\">Send resume <span class=\"forminator-required\">*<\/span><\/label><div class=\"forminator-file-upload\" data-element=\"upload-1_69e0e9b25bc82\"><input type=\"file\" name=\"upload-1\" id=\"forminator-field-upload-1_69e0e9b25bc82\" class=\"forminator-input-file-required do-validate\" accept=\".webp,.pdf,.doc,.pot,.pps,.ppt,.wri,.mdb,.mpp,.docx,.docm,.dotx,.dotm,.onetoc,.onetoc2,.onetmp,.onepkg,.oxps,.xps,.odt,.odp,.odg,.odc,.odb,.odf,.wp,.wpd,.pages\" tabindex=\"-1\"><button id=\"forminator-field-upload-1_69e0e9b25bc82_button\" class=\"forminator-button forminator-button-upload\" data-id=\"forminator-field-upload-1_69e0e9b25bc82\">Choose File<\/button><span data-empty-text=\"No file chosen\">No file chosen<\/span><button class=\"forminator-button-delete\" style=\"display: none;\"><i class=\"forminator-icon-close\" aria-hidden=\"true\"><\/i><span class=\"forminator-screen-reader-only\">Delete uploaded file<\/span><\/button><\/div><\/div><\/div><\/div><div class=\"forminator-row\"><div id=\"textarea-1\" class=\"forminator-field-textarea forminator-col forminator-col-12\"><div class=\"forminator-field\"><label for=\"forminator-field-textarea-1_69e0e9b25bc82\" id=\"forminator-field-textarea-1_69e0e9b25bc82-label\" class=\"forminator-label\">Send a message<\/label><textarea name=\"textarea-1\" placeholder=\"Say something about yourself!\" id=\"forminator-field-textarea-1_69e0e9b25bc82\" class=\"forminator-textarea\" rows=\"6\" style=\"min-height:140px;\" ><\/textarea><\/div><\/div><\/div><div class=\"forminator-row\"><div id=\"consent-1\" class=\"forminator-field-consent forminator-col forminator-col-12\"><div class=\"forminator-field\"><label for=\"forminator-field-consent-1_69e0e9b25bc82\" id=\"forminator-field-consent-1_69e0e9b25bc82-label\" class=\"forminator-label\">Agreement <span class=\"forminator-required\">*<\/span><\/label><div class=\"forminator-checkbox__wrapper\"><label id=\"forminator-field-consent-1_69e0e9b25bc82__label\" class=\"forminator-checkbox forminator-consent\"><input type=\"checkbox\" name=\"consent-1\" id=\"forminator-field-consent-1_69e0e9b25bc82\" value=\"checked\" aria-labelledby=\"forminator-field-consent-1_69e0e9b25bc82-label\" aria-describedby=\"forminator-field-consent-1_69e0e9b25bc82__description\" data-required=\"true\" aria-required=\"true\" \/><span class=\"forminator-checkbox-box\" aria-hidden=\"true\"><\/span><\/label><div id=\"forminator-field-consent-1_69e0e9b25bc82__description\" class=\"forminator-checkbox__label forminator-consent__label\"><div class=\"b-section b-section--fixed-width\">\n<p>I consent to the processing of my personal data for the purposes of the recruitment process (in accordance with the Act of 10 May 2018 on the protection of personal data (Journal of Laws of 2018, item 1000) and in accordance with the Regulation of the European Parliament and of the Council (EU) 2016\/679 of 27 April 2016 on the protection of natural persons with regard to the processing of personal data and on the free movement of such data, and repealing Directive 95\/46\/EC (RODO).<\/p>\n<\/div><\/div><\/div><\/div><\/div><\/div><div class=\"forminator-row\" style=\"margin: 0;\"><div id=\"captcha-1\" class=\"forminator-field-captcha  forminator-col-12\"><div class=\"forminator-captcha-left forminator-g-recaptcha recaptcha-invisible\" data-theme=\"light\" data-badge=\"bottomright\" data-sitekey=\"6LcyF1giAAAAANLv5drxx0PMVUO2lSXXrfX6Oo0O\" data-size=\"invisible\"><\/div> <\/div><\/div><input type=\"hidden\" name=\"referer_url\" value=\"\" \/><div class=\"forminator-row forminator-row-last\"><div class=\"forminator-col\"><div class=\"forminator-field\"><button class=\"forminator-button forminator-button-submit\">Send a message<\/button><\/div><\/div><\/div><input type=\"hidden\" id=\"forminator_nonce\" name=\"forminator_nonce\" value=\"6e687c0fef\" \/><input type=\"hidden\" name=\"_wp_http_referer\" value=\"\/en\/wp-json\/wp\/v2\/pages\/950\" \/><input type=\"hidden\" name=\"form_id\" value=\"358\"><input type=\"hidden\" name=\"page_id\" value=\"950\"><input type=\"hidden\" name=\"form_type\" value=\"default\"><input type=\"hidden\" name=\"current_url\" value=\"https:\/\/uszkota.pl\/en\/praca\/\"><input type=\"hidden\" name=\"render_id\" value=\"0\"><input type=\"hidden\" name=\"action\" value=\"forminator_submit_form_custom-forms\"><input type=\"hidden\" name=\"trp-form-language\" value=\"en\"\/><\/form><\/div>\n<\/div>\n<\/div>\n<\/div>\n\n\n\n<p><\/p>","protected":false},"excerpt":{"rendered":"<p>Atrakcyjn\u0105 stawk\u0119 Opr\u00f3cz atrakcyjnej stawki godzinowej \u2014 mo\u017cesz liczy\u0107 te\u017c na liczne premie oraz napiwki! Oznacza to, \u017ce wysoko\u015b\u0107 Twoich zarobk\u00f3w zale\u017cy g\u0142\u00f3wnie od Ciebie! Elastyczny czas pracy Wi\u0119kszo\u015b\u0107 naszego zespo\u0142u to studenci. Dlatego doskonale rozumiemy, \u017ce narzucenie sztywnych ram godzinowych nie ma sensu. Pracujesz wtedy, kiedy mo\u017cesz! Lu\u017an\u0105 atmosfer\u0119 Jeste\u015bmy rodzinn\u0105 firm\u0105 i dbamy o rodzinn\u0105 atmosfer\u0119. Wys\u0142uchamy ka\u017cdego problemu i wesprzemy Ci\u0119 w trudnej sytuacji! Dopasowanie pod tok studi\u00f3w Wspieramy nasz zesp\u00f3\u0142 w edukacji! Odpowiednio dopasowane godziny, stawka oraz atmosfera sprawiaj\u0105, \u017ce u Szkota mo\u017ce by\u0107 \u015bwietnym miejscem, by zarobi\u0107 na studia. Do\u0142\u0105cz do nas!<\/p>","protected":false},"author":1,"featured_media":0,"parent":0,"menu_order":0,"comment_status":"closed","ping_status":"closed","template":"","meta":{"ub_ctt_via":"","_regular_price":[],"currency_symbol":[],"footnotes":""},"class_list":["post-950","page","type-page","status-publish","hentry"],"featured_image_src":null,"post_slider_layout_featured_media_urls":{"thumbnail":"","post_slider_layout_landscape_large":"","post_slider_layout_portrait_large":"","post_slider_layout_square_large":"","post_slider_layout_landscape":"","post_slider_layout_portrait":"","post_slider_layout_square":"","full":""},"yoast_head":"<!-- This site is optimized with the Yoast SEO plugin v27.4 - https:\/\/yoast.com\/product\/yoast-seo-wordpress\/ -->\n<title>Praca - uSzkota<\/title>\n<meta name=\"robots\" content=\"index, follow, max-snippet:-1, max-image-preview:large, max-video-preview:-1\" \/>\n<link rel=\"canonical\" href=\"https:\/\/uszkota.pl\/en\/praca\/\" \/>\n<meta property=\"og:locale\" content=\"en_GB\" \/>\n<meta property=\"og:type\" content=\"article\" \/>\n<meta property=\"og:title\" content=\"Praca - uSzkota\" \/>\n<meta property=\"og:description\" content=\"Atrakcyjn\u0105 stawk\u0119 Opr\u00f3cz atrakcyjnej stawki godzinowej \u2014 mo\u017cesz liczy\u0107 te\u017c na liczne premie oraz napiwki! Oznacza to, \u017ce wysoko\u015b\u0107 Twoich zarobk\u00f3w zale\u017cy g\u0142\u00f3wnie od Ciebie! Elastyczny czas pracy Wi\u0119kszo\u015b\u0107 naszego zespo\u0142u to studenci. Dlatego doskonale rozumiemy, \u017ce narzucenie sztywnych ram godzinowych nie ma sensu. Pracujesz wtedy, kiedy mo\u017cesz! Lu\u017an\u0105 atmosfer\u0119 Jeste\u015bmy rodzinn\u0105 firm\u0105 i dbamy o rodzinn\u0105 atmosfer\u0119. Wys\u0142uchamy ka\u017cdego problemu i wesprzemy Ci\u0119 w trudnej sytuacji! Dopasowanie pod tok studi\u00f3w Wspieramy nasz zesp\u00f3\u0142 w edukacji! Odpowiednio dopasowane godziny, stawka oraz atmosfera sprawiaj\u0105, \u017ce u Szkota mo\u017ce by\u0107 \u015bwietnym miejscem, by zarobi\u0107 na studia. Do\u0142\u0105cz do nas!\" \/>\n<meta property=\"og:url\" content=\"https:\/\/uszkota.pl\/en\/praca\/\" \/>\n<meta property=\"og:site_name\" content=\"uSzkota\" \/>\n<meta property=\"article:publisher\" content=\"https:\/\/www.facebook.com\/uszkota\" \/>\n<meta property=\"article:modified_time\" content=\"2023-11-08T17:57:12+00:00\" \/>\n<meta property=\"og:image\" content=\"https:\/\/uszkota.pl\/wp-content\/uploads\/2022\/08\/1-1.png\" \/>\n<meta name=\"twitter:card\" content=\"summary_large_image\" \/>\n<meta name=\"twitter:label1\" content=\"Estimated reading time\" \/>\n\t<meta name=\"twitter:data1\" content=\"2 minutes\" \/>\n<script type=\"application\/ld+json\" class=\"yoast-schema-graph\">{\"@context\":\"https:\\\/\\\/schema.org\",\"@graph\":[{\"@type\":\"WebPage\",\"@id\":\"https:\\\/\\\/uszkota.pl\\\/praca\\\/\",\"url\":\"https:\\\/\\\/uszkota.pl\\\/praca\\\/\",\"name\":\"Praca - uSzkota\",\"isPartOf\":{\"@id\":\"https:\\\/\\\/uszkota.pl\\\/#website\"},\"primaryImageOfPage\":{\"@id\":\"https:\\\/\\\/uszkota.pl\\\/praca\\\/#primaryimage\"},\"image\":{\"@id\":\"https:\\\/\\\/uszkota.pl\\\/praca\\\/#primaryimage\"},\"thumbnailUrl\":\"https:\\\/\\\/uszkota.pl\\\/wp-content\\\/uploads\\\/2022\\\/08\\\/1-1.png\",\"datePublished\":\"2023-10-05T11:26:52+00:00\",\"dateModified\":\"2023-11-08T17:57:12+00:00\",\"breadcrumb\":{\"@id\":\"https:\\\/\\\/uszkota.pl\\\/praca\\\/#breadcrumb\"},\"inLanguage\":\"en-GB\",\"potentialAction\":[{\"@type\":\"ReadAction\",\"target\":[\"https:\\\/\\\/uszkota.pl\\\/praca\\\/\"]}]},{\"@type\":\"ImageObject\",\"inLanguage\":\"en-GB\",\"@id\":\"https:\\\/\\\/uszkota.pl\\\/praca\\\/#primaryimage\",\"url\":\"https:\\\/\\\/uszkota.pl\\\/wp-content\\\/uploads\\\/2022\\\/08\\\/1-1.png\",\"contentUrl\":\"https:\\\/\\\/uszkota.pl\\\/wp-content\\\/uploads\\\/2022\\\/08\\\/1-1.png\"},{\"@type\":\"BreadcrumbList\",\"@id\":\"https:\\\/\\\/uszkota.pl\\\/praca\\\/#breadcrumb\",\"itemListElement\":[{\"@type\":\"ListItem\",\"position\":1,\"name\":\"Strona g\u0142\u00f3wna\",\"item\":\"https:\\\/\\\/uszkota.pl\\\/\"},{\"@type\":\"ListItem\",\"position\":2,\"name\":\"Praca\"}]},{\"@type\":\"WebSite\",\"@id\":\"https:\\\/\\\/uszkota.pl\\\/#website\",\"url\":\"https:\\\/\\\/uszkota.pl\\\/\",\"name\":\"uSzkota\",\"description\":\"Duch Szkocji w Sercu Gda\u0144ska\",\"publisher\":{\"@id\":\"https:\\\/\\\/uszkota.pl\\\/#organization\"},\"potentialAction\":[{\"@type\":\"SearchAction\",\"target\":{\"@type\":\"EntryPoint\",\"urlTemplate\":\"https:\\\/\\\/uszkota.pl\\\/?s={search_term_string}\"},\"query-input\":{\"@type\":\"PropertyValueSpecification\",\"valueRequired\":true,\"valueName\":\"search_term_string\"}}],\"inLanguage\":\"en-GB\"},{\"@type\":\"Organization\",\"@id\":\"https:\\\/\\\/uszkota.pl\\\/#organization\",\"name\":\"u Szkota\",\"url\":\"https:\\\/\\\/uszkota.pl\\\/\",\"logo\":{\"@type\":\"ImageObject\",\"inLanguage\":\"en-GB\",\"@id\":\"https:\\\/\\\/uszkota.pl\\\/#\\\/schema\\\/logo\\\/image\\\/\",\"url\":\"http:\\\/\\\/uszkota.pl\\\/wp-content\\\/uploads\\\/2022\\\/08\\\/Projekt-bez-tytulu-2022-07-11T130831.910.png\",\"contentUrl\":\"http:\\\/\\\/uszkota.pl\\\/wp-content\\\/uploads\\\/2022\\\/08\\\/Projekt-bez-tytulu-2022-07-11T130831.910.png\",\"width\":1080,\"height\":1080,\"caption\":\"u Szkota\"},\"image\":{\"@id\":\"https:\\\/\\\/uszkota.pl\\\/#\\\/schema\\\/logo\\\/image\\\/\"},\"sameAs\":[\"https:\\\/\\\/www.facebook.com\\\/uszkota\",\"https:\\\/\\\/www.instagram.com\\\/uszkotagdansk\\\/\"]}]}<\/script>\n<!-- \/ Yoast SEO plugin. -->","yoast_head_json":{"title":"Praca - uSzkota","robots":{"index":"index","follow":"follow","max-snippet":"max-snippet:-1","max-image-preview":"max-image-preview:large","max-video-preview":"max-video-preview:-1"},"canonical":"https:\/\/uszkota.pl\/en\/praca\/","og_locale":"en_GB","og_type":"article","og_title":"Praca - uSzkota","og_description":"Atrakcyjn\u0105 stawk\u0119 Opr\u00f3cz atrakcyjnej stawki godzinowej \u2014 mo\u017cesz liczy\u0107 te\u017c na liczne premie oraz napiwki! Oznacza to, \u017ce wysoko\u015b\u0107 Twoich zarobk\u00f3w zale\u017cy g\u0142\u00f3wnie od Ciebie! Elastyczny czas pracy Wi\u0119kszo\u015b\u0107 naszego zespo\u0142u to studenci. Dlatego doskonale rozumiemy, \u017ce narzucenie sztywnych ram godzinowych nie ma sensu. Pracujesz wtedy, kiedy mo\u017cesz! Lu\u017an\u0105 atmosfer\u0119 Jeste\u015bmy rodzinn\u0105 firm\u0105 i dbamy o rodzinn\u0105 atmosfer\u0119. Wys\u0142uchamy ka\u017cdego problemu i wesprzemy Ci\u0119 w trudnej sytuacji! Dopasowanie pod tok studi\u00f3w Wspieramy nasz zesp\u00f3\u0142 w edukacji! Odpowiednio dopasowane godziny, stawka oraz atmosfera sprawiaj\u0105, \u017ce u Szkota mo\u017ce by\u0107 \u015bwietnym miejscem, by zarobi\u0107 na studia. Do\u0142\u0105cz do nas!","og_url":"https:\/\/uszkota.pl\/en\/praca\/","og_site_name":"uSzkota","article_publisher":"https:\/\/www.facebook.com\/uszkota","article_modified_time":"2023-11-08T17:57:12+00:00","og_image":[{"url":"https:\/\/uszkota.pl\/wp-content\/uploads\/2022\/08\/1-1.png","type":"","width":"","height":""}],"twitter_card":"summary_large_image","twitter_misc":{"Estimated reading time":"2 minutes"},"schema":{"@context":"https:\/\/schema.org","@graph":[{"@type":"WebPage","@id":"https:\/\/uszkota.pl\/praca\/","url":"https:\/\/uszkota.pl\/praca\/","name":"Praca - uSzkota","isPartOf":{"@id":"https:\/\/uszkota.pl\/#website"},"primaryImageOfPage":{"@id":"https:\/\/uszkota.pl\/praca\/#primaryimage"},"image":{"@id":"https:\/\/uszkota.pl\/praca\/#primaryimage"},"thumbnailUrl":"https:\/\/uszkota.pl\/wp-content\/uploads\/2022\/08\/1-1.png","datePublished":"2023-10-05T11:26:52+00:00","dateModified":"2023-11-08T17:57:12+00:00","breadcrumb":{"@id":"https:\/\/uszkota.pl\/praca\/#breadcrumb"},"inLanguage":"en-GB","potentialAction":[{"@type":"ReadAction","target":["https:\/\/uszkota.pl\/praca\/"]}]},{"@type":"ImageObject","inLanguage":"en-GB","@id":"https:\/\/uszkota.pl\/praca\/#primaryimage","url":"https:\/\/uszkota.pl\/wp-content\/uploads\/2022\/08\/1-1.png","contentUrl":"https:\/\/uszkota.pl\/wp-content\/uploads\/2022\/08\/1-1.png"},{"@type":"BreadcrumbList","@id":"https:\/\/uszkota.pl\/praca\/#breadcrumb","itemListElement":[{"@type":"ListItem","position":1,"name":"Strona g\u0142\u00f3wna","item":"https:\/\/uszkota.pl\/"},{"@type":"ListItem","position":2,"name":"Praca"}]},{"@type":"WebSite","@id":"https:\/\/uszkota.pl\/#website","url":"https:\/\/uszkota.pl\/","name":"uSzkota","description":"Duch Szkocji w Sercu Gda\u0144ska","publisher":{"@id":"https:\/\/uszkota.pl\/#organization"},"potentialAction":[{"@type":"SearchAction","target":{"@type":"EntryPoint","urlTemplate":"https:\/\/uszkota.pl\/?s={search_term_string}"},"query-input":{"@type":"PropertyValueSpecification","valueRequired":true,"valueName":"search_term_string"}}],"inLanguage":"en-GB"},{"@type":"Organization","@id":"https:\/\/uszkota.pl\/#organization","name":"u Szkota","url":"https:\/\/uszkota.pl\/","logo":{"@type":"ImageObject","inLanguage":"en-GB","@id":"https:\/\/uszkota.pl\/#\/schema\/logo\/image\/","url":"http:\/\/uszkota.pl\/wp-content\/uploads\/2022\/08\/Projekt-bez-tytulu-2022-07-11T130831.910.png","contentUrl":"http:\/\/uszkota.pl\/wp-content\/uploads\/2022\/08\/Projekt-bez-tytulu-2022-07-11T130831.910.png","width":1080,"height":1080,"caption":"u Szkota"},"image":{"@id":"https:\/\/uszkota.pl\/#\/schema\/logo\/image\/"},"sameAs":["https:\/\/www.facebook.com\/uszkota","https:\/\/www.instagram.com\/uszkotagdansk\/"]}]}},"_links":{"self":[{"href":"https:\/\/uszkota.pl\/en\/wp-json\/wp\/v2\/pages\/950","targetHints":{"allow":["GET"]}}],"collection":[{"href":"https:\/\/uszkota.pl\/en\/wp-json\/wp\/v2\/pages"}],"about":[{"href":"https:\/\/uszkota.pl\/en\/wp-json\/wp\/v2\/types\/page"}],"author":[{"embeddable":true,"href":"https:\/\/uszkota.pl\/en\/wp-json\/wp\/v2\/users\/1"}],"replies":[{"embeddable":true,"href":"https:\/\/uszkota.pl\/en\/wp-json\/wp\/v2\/comments?post=950"}],"version-history":[{"count":4,"href":"https:\/\/uszkota.pl\/en\/wp-json\/wp\/v2\/pages\/950\/revisions"}],"predecessor-version":[{"id":1060,"href":"https:\/\/uszkota.pl\/en\/wp-json\/wp\/v2\/pages\/950\/revisions\/1060"}],"wp:attachment":[{"href":"https:\/\/uszkota.pl\/en\/wp-json\/wp\/v2\/media?parent=950"}],"curies":[{"name":"wp","href":"https:\/\/api.w.org\/{rel}","templated":true}]}}