{"id":600,"date":"2022-09-22T12:00:02","date_gmt":"2022-09-22T12:00:02","guid":{"rendered":"https:\/\/uszkota.pl\/?page_id=600"},"modified":"2022-10-05T15:31:48","modified_gmt":"2022-10-05T15:31:48","slug":"404-2","status":"publish","type":"page","link":"https:\/\/uszkota.pl\/en\/404-2\/","title":{"rendered":"404"},"content":{"rendered":"<div class=\"wp-block-cover alignfull is-light\" style=\"min-height:100vh;aspect-ratio:unset;\"><span aria-hidden=\"true\" class=\"wp-block-cover__background has-background-dim-0 has-background-dim\"><\/span><img loading=\"lazy\" decoding=\"async\" width=\"1920\" height=\"1080\" class=\"wp-block-cover__image-background wp-image-601\" alt=\"\" src=\"https:\/\/uszkota.pl\/wp-content\/uploads\/2022\/09\/Projekt-bez-tytulu-2022-09-22T135142.834.png\" style=\"object-position:33% 34%\" data-object-fit=\"cover\" data-object-position=\"33% 34%\" srcset=\"https:\/\/uszkota.pl\/wp-content\/uploads\/2022\/09\/Projekt-bez-tytulu-2022-09-22T135142.834.png 1920w, https:\/\/uszkota.pl\/wp-content\/uploads\/2022\/09\/Projekt-bez-tytulu-2022-09-22T135142.834-768x432.png 768w\" sizes=\"auto, (max-width: 1920px) 100vw, 1920px\" \/><div class=\"wp-block-cover__inner-container is-layout-flow wp-block-cover-is-layout-flow\">\n<div class=\"wp-block-buttons intrace-animate intrace-move-left intrace-delay-7 is-content-justification-center is-layout-flex wp-container-core-buttons-is-layout-a89b3969 wp-block-buttons-is-layout-flex\">\n<div class=\"wp-block-button has-custom-width wp-block-button__width-100 has-custom-font-size is-style-custombuttonborder\" style=\"font-size:14px\"><a class=\"wp-block-button__link has-intrace-primary-background-color has-background\" href=\"https:\/\/uszkota.pl\/en\/\" style=\"padding-top:14px;padding-right:35px;padding-bottom:14px;padding-left:35px\">Wr\u00f3\u0107 na stron\u0119 g\u0142\u00f3wn\u0105<\/a><\/div>\n<\/div>\n<\/div><\/div>","protected":false},"excerpt":{"rendered":"","protected":false},"author":1,"featured_media":0,"parent":0,"menu_order":0,"comment_status":"closed","ping_status":"closed","template":"","meta":{"ub_ctt_via":"","_regular_price":[],"currency_symbol":[],"footnotes":""},"class_list":["post-600","page","type-page","status-publish","hentry"],"featured_image_src":null,"post_slider_layout_featured_media_urls":{"thumbnail":"","post_slider_layout_landscape_large":"","post_slider_layout_portrait_large":"","post_slider_layout_square_large":"","post_slider_layout_landscape":"","post_slider_layout_portrait":"","post_slider_layout_square":"","full":""},"yoast_head":"<!-- This site is optimized with the Yoast SEO plugin v27.5 - https:\/\/yoast.com\/product\/yoast-seo-wordpress\/ -->\n<title>404 - uSzkota<\/title>\n<meta name=\"robots\" content=\"index, follow, max-snippet:-1, max-image-preview:large, max-video-preview:-1\" \/>\n<link rel=\"canonical\" href=\"https:\/\/uszkota.pl\/en\/404-2\/\" \/>\n<meta property=\"og:locale\" content=\"en_GB\" \/>\n<meta property=\"og:type\" content=\"article\" \/>\n<meta property=\"og:title\" content=\"404 - uSzkota\" \/>\n<meta property=\"og:url\" content=\"https:\/\/uszkota.pl\/en\/404-2\/\" \/>\n<meta property=\"og:site_name\" content=\"uSzkota\" \/>\n<meta property=\"article:publisher\" content=\"https:\/\/www.facebook.com\/uszkota\" \/>\n<meta property=\"article:modified_time\" content=\"2022-10-05T15:31:48+00:00\" \/>\n<meta property=\"og:image\" content=\"https:\/\/uszkota.pl\/wp-content\/uploads\/2022\/09\/Projekt-bez-tytulu-2022-09-22T135142.834.png\" \/>\n<meta name=\"twitter:card\" content=\"summary_large_image\" \/>\n<meta name=\"twitter:label1\" content=\"Estimated reading time\" \/>\n\t<meta name=\"twitter:data1\" content=\"1 minute\" \/>\n<script type=\"application\/ld+json\" class=\"yoast-schema-graph\">{\"@context\":\"https:\\\/\\\/schema.org\",\"@graph\":[{\"@type\":\"WebPage\",\"@id\":\"https:\\\/\\\/uszkota.pl\\\/404-2\\\/\",\"url\":\"https:\\\/\\\/uszkota.pl\\\/404-2\\\/\",\"name\":\"404 - uSzkota\",\"isPartOf\":{\"@id\":\"https:\\\/\\\/uszkota.pl\\\/#website\"},\"primaryImageOfPage\":{\"@id\":\"https:\\\/\\\/uszkota.pl\\\/404-2\\\/#primaryimage\"},\"image\":{\"@id\":\"https:\\\/\\\/uszkota.pl\\\/404-2\\\/#primaryimage\"},\"thumbnailUrl\":\"https:\\\/\\\/uszkota.pl\\\/wp-content\\\/uploads\\\/2022\\\/09\\\/Projekt-bez-tytulu-2022-09-22T135142.834.png\",\"datePublished\":\"2022-09-22T12:00:02+00:00\",\"dateModified\":\"2022-10-05T15:31:48+00:00\",\"breadcrumb\":{\"@id\":\"https:\\\/\\\/uszkota.pl\\\/404-2\\\/#breadcrumb\"},\"inLanguage\":\"en-GB\",\"potentialAction\":[{\"@type\":\"ReadAction\",\"target\":[\"https:\\\/\\\/uszkota.pl\\\/404-2\\\/\"]}]},{\"@type\":\"ImageObject\",\"inLanguage\":\"en-GB\",\"@id\":\"https:\\\/\\\/uszkota.pl\\\/404-2\\\/#primaryimage\",\"url\":\"https:\\\/\\\/uszkota.pl\\\/wp-content\\\/uploads\\\/2022\\\/09\\\/Projekt-bez-tytulu-2022-09-22T135142.834.png\",\"contentUrl\":\"https:\\\/\\\/uszkota.pl\\\/wp-content\\\/uploads\\\/2022\\\/09\\\/Projekt-bez-tytulu-2022-09-22T135142.834.png\"},{\"@type\":\"BreadcrumbList\",\"@id\":\"https:\\\/\\\/uszkota.pl\\\/404-2\\\/#breadcrumb\",\"itemListElement\":[{\"@type\":\"ListItem\",\"position\":1,\"name\":\"Strona g\u0142\u00f3wna\",\"item\":\"https:\\\/\\\/uszkota.pl\\\/\"},{\"@type\":\"ListItem\",\"position\":2,\"name\":\"404\"}]},{\"@type\":\"WebSite\",\"@id\":\"https:\\\/\\\/uszkota.pl\\\/#website\",\"url\":\"https:\\\/\\\/uszkota.pl\\\/\",\"name\":\"uSzkota\",\"description\":\"Duch Szkocji w Sercu Gda\u0144ska\",\"publisher\":{\"@id\":\"https:\\\/\\\/uszkota.pl\\\/#organization\"},\"potentialAction\":[{\"@type\":\"SearchAction\",\"target\":{\"@type\":\"EntryPoint\",\"urlTemplate\":\"https:\\\/\\\/uszkota.pl\\\/?s={search_term_string}\"},\"query-input\":{\"@type\":\"PropertyValueSpecification\",\"valueRequired\":true,\"valueName\":\"search_term_string\"}}],\"inLanguage\":\"en-GB\"},{\"@type\":\"Organization\",\"@id\":\"https:\\\/\\\/uszkota.pl\\\/#organization\",\"name\":\"u Szkota\",\"url\":\"https:\\\/\\\/uszkota.pl\\\/\",\"logo\":{\"@type\":\"ImageObject\",\"inLanguage\":\"en-GB\",\"@id\":\"https:\\\/\\\/uszkota.pl\\\/#\\\/schema\\\/logo\\\/image\\\/\",\"url\":\"http:\\\/\\\/uszkota.pl\\\/wp-content\\\/uploads\\\/2022\\\/08\\\/Projekt-bez-tytulu-2022-07-11T130831.910.png\",\"contentUrl\":\"http:\\\/\\\/uszkota.pl\\\/wp-content\\\/uploads\\\/2022\\\/08\\\/Projekt-bez-tytulu-2022-07-11T130831.910.png\",\"width\":1080,\"height\":1080,\"caption\":\"u Szkota\"},\"image\":{\"@id\":\"https:\\\/\\\/uszkota.pl\\\/#\\\/schema\\\/logo\\\/image\\\/\"},\"sameAs\":[\"https:\\\/\\\/www.facebook.com\\\/uszkota\",\"https:\\\/\\\/www.instagram.com\\\/uszkotagdansk\\\/\"]}]}<\/script>\n<!-- \/ Yoast SEO plugin. -->","yoast_head_json":{"title":"404 - uSzkota","robots":{"index":"index","follow":"follow","max-snippet":"max-snippet:-1","max-image-preview":"max-image-preview:large","max-video-preview":"max-video-preview:-1"},"canonical":"https:\/\/uszkota.pl\/en\/404-2\/","og_locale":"en_GB","og_type":"article","og_title":"404 - uSzkota","og_url":"https:\/\/uszkota.pl\/en\/404-2\/","og_site_name":"uSzkota","article_publisher":"https:\/\/www.facebook.com\/uszkota","article_modified_time":"2022-10-05T15:31:48+00:00","og_image":[{"url":"https:\/\/uszkota.pl\/wp-content\/uploads\/2022\/09\/Projekt-bez-tytulu-2022-09-22T135142.834.png","type":"","width":"","height":""}],"twitter_card":"summary_large_image","twitter_misc":{"Estimated reading time":"1 minute"},"schema":{"@context":"https:\/\/schema.org","@graph":[{"@type":"WebPage","@id":"https:\/\/uszkota.pl\/404-2\/","url":"https:\/\/uszkota.pl\/404-2\/","name":"404 - uSzkota","isPartOf":{"@id":"https:\/\/uszkota.pl\/#website"},"primaryImageOfPage":{"@id":"https:\/\/uszkota.pl\/404-2\/#primaryimage"},"image":{"@id":"https:\/\/uszkota.pl\/404-2\/#primaryimage"},"thumbnailUrl":"https:\/\/uszkota.pl\/wp-content\/uploads\/2022\/09\/Projekt-bez-tytulu-2022-09-22T135142.834.png","datePublished":"2022-09-22T12:00:02+00:00","dateModified":"2022-10-05T15:31:48+00:00","breadcrumb":{"@id":"https:\/\/uszkota.pl\/404-2\/#breadcrumb"},"inLanguage":"en-GB","potentialAction":[{"@type":"ReadAction","target":["https:\/\/uszkota.pl\/404-2\/"]}]},{"@type":"ImageObject","inLanguage":"en-GB","@id":"https:\/\/uszkota.pl\/404-2\/#primaryimage","url":"https:\/\/uszkota.pl\/wp-content\/uploads\/2022\/09\/Projekt-bez-tytulu-2022-09-22T135142.834.png","contentUrl":"https:\/\/uszkota.pl\/wp-content\/uploads\/2022\/09\/Projekt-bez-tytulu-2022-09-22T135142.834.png"},{"@type":"BreadcrumbList","@id":"https:\/\/uszkota.pl\/404-2\/#breadcrumb","itemListElement":[{"@type":"ListItem","position":1,"name":"Strona g\u0142\u00f3wna","item":"https:\/\/uszkota.pl\/"},{"@type":"ListItem","position":2,"name":"404"}]},{"@type":"WebSite","@id":"https:\/\/uszkota.pl\/#website","url":"https:\/\/uszkota.pl\/","name":"uSzkota","description":"Duch Szkocji w Sercu Gda\u0144ska","publisher":{"@id":"https:\/\/uszkota.pl\/#organization"},"potentialAction":[{"@type":"SearchAction","target":{"@type":"EntryPoint","urlTemplate":"https:\/\/uszkota.pl\/?s={search_term_string}"},"query-input":{"@type":"PropertyValueSpecification","valueRequired":true,"valueName":"search_term_string"}}],"inLanguage":"en-GB"},{"@type":"Organization","@id":"https:\/\/uszkota.pl\/#organization","name":"u Szkota","url":"https:\/\/uszkota.pl\/","logo":{"@type":"ImageObject","inLanguage":"en-GB","@id":"https:\/\/uszkota.pl\/#\/schema\/logo\/image\/","url":"http:\/\/uszkota.pl\/wp-content\/uploads\/2022\/08\/Projekt-bez-tytulu-2022-07-11T130831.910.png","contentUrl":"http:\/\/uszkota.pl\/wp-content\/uploads\/2022\/08\/Projekt-bez-tytulu-2022-07-11T130831.910.png","width":1080,"height":1080,"caption":"u Szkota"},"image":{"@id":"https:\/\/uszkota.pl\/#\/schema\/logo\/image\/"},"sameAs":["https:\/\/www.facebook.com\/uszkota","https:\/\/www.instagram.com\/uszkotagdansk\/"]}]}},"_links":{"self":[{"href":"https:\/\/uszkota.pl\/en\/wp-json\/wp\/v2\/pages\/600","targetHints":{"allow":["GET"]}}],"collection":[{"href":"https:\/\/uszkota.pl\/en\/wp-json\/wp\/v2\/pages"}],"about":[{"href":"https:\/\/uszkota.pl\/en\/wp-json\/wp\/v2\/types\/page"}],"author":[{"embeddable":true,"href":"https:\/\/uszkota.pl\/en\/wp-json\/wp\/v2\/users\/1"}],"replies":[{"embeddable":true,"href":"https:\/\/uszkota.pl\/en\/wp-json\/wp\/v2\/comments?post=600"}],"version-history":[{"count":3,"href":"https:\/\/uszkota.pl\/en\/wp-json\/wp\/v2\/pages\/600\/revisions"}],"predecessor-version":[{"id":616,"href":"https:\/\/uszkota.pl\/en\/wp-json\/wp\/v2\/pages\/600\/revisions\/616"}],"wp:attachment":[{"href":"https:\/\/uszkota.pl\/en\/wp-json\/wp\/v2\/media?parent=600"}],"curies":[{"name":"wp","href":"https:\/\/api.w.org\/{rel}","templated":true}]}}