{"id":561,"date":"2022-09-21T09:31:38","date_gmt":"2022-09-21T09:31:38","guid":{"rendered":"https:\/\/uszkota.pl\/?page_id=561"},"modified":"2022-12-23T14:10:08","modified_gmt":"2022-12-23T14:10:08","slug":"regulamin-lokalu","status":"publish","type":"page","link":"https:\/\/uszkota.pl\/en\/regulamin-lokalu\/","title":{"rendered":"Regulations of the Premises"},"content":{"rendered":"<p class=\"has-intrace-primary-color has-text-color\">We all like to have fun, but for your safety, comfort of employees and peace of mind of neighbors - we present short regulations of our premises.<\/p>\n\n\n\n<h3 class=\"has-intrace-primary-color has-text-color wp-block-heading\">1. General<\/h3>\n\n\n\n<p class=\"has-intrace-primary-color has-text-color\"><strong>1.1. <\/strong>These Regulations have been made public by placing them on the publicly available website of the Premises at the address <a href=\"https:\/\/uszkota.pl\/en\/regulamin-lokalu\/\"><\/a><a href=\"https:\/\/uszkota.pl\/en\/regulamin-lokalu\/\" target=\"_blank\" rel=\"noreferrer noopener\">uszkota.pl\/regulamin-lokalu\/<\/a> is also available in a printed version, for inspection, at the Premises.<\/p>\n\n\n\n<p class=\"has-intrace-primary-color has-text-color\"><strong>1.2.<\/strong> Staying in the Premises means acceptance of the conditions described in these Regulations.<\/p>\n\n\n\n<p class=\"has-intrace-primary-color has-text-color\"><strong>1.3.<\/strong> Alcoholic beverages are only sold and served to persons over 18 years of age.<\/p>\n\n\n\n<p class=\"has-intrace-primary-color has-text-color\"><strong>1.4. <\/strong>If the service has doubts about the age of the person ordering alcohol, they have the right to request an identity document containing the date of birth. If a given person does not present a document confirming the age of majority, the Premises Service has the right to refuse to sell them alcoholic beverages.<\/p>\n\n\n\n<h3 class=\"has-intrace-primary-color has-text-color wp-block-heading\">2. Opening hours, reservations, fees<\/h3>\n\n\n\n<p class=\"has-intrace-primary-color has-text-color\"><strong>2.1.<\/strong> The restaurant is open from Sunday to Thursday from 5 pm to 1 am. On Fridays and Saturdays the restaurant is open from 5 pm to 3 am. The restaurant reserves the right to change the opening hours<\/p>\n\n\n\n<p class=\"has-intrace-primary-color has-text-color\"><strong>2.2. <\/strong>Admission to the Premises is free<\/p>\n\n\n\n<p class=\"has-intrace-primary-color has-text-color\"><strong>2.3. <\/strong>Reservations can be made by:<br>a) by phone at: 500 033 636<br>b) via our Fanpage: <a href=\"https:\/\/www.facebook.com\/uszkota\">https:\/\/www.facebook.com\/uszkota<\/a><br>c) by e-mail at: pubszkot@gmail.com<br>d) via the form at: <a href=\"https:\/\/uszkota.pl\/en\/kontakt\/\">https:\/\/uszkota.pl\/kontakt\/<\/a><br>e) in person<\/p>\n\n\n\n<p class=\"has-intrace-primary-color has-text-color\"><strong>2.4.<\/strong> Reservation cost<br>The booking fee is refundable and can be used in full at the bar in the Premises.<br>Payment must be made in cash no later than 24 hours before the booking time.<br>The fee is:<br>a) for groups of up to 10 people - PLN 100<br>b) for groups between 10 and 20 people - PLN 200<br>c) for groups of more than 20 people - PLN 500<br>d) The price of renting the entire premises is determined individually <\/p>\n\n\n\n<p class=\"has-intrace-primary-color has-text-color\"><strong>2.5.<\/strong> The reservation is valid for 15 minutes. If no one shows up to pick it up within that time, the reservation and payment will be forfeited.<\/p>\n\n\n\n<h3 class=\"has-intrace-primary-color has-text-color wp-block-heading\">3. Admission to the Premises<\/h3>\n\n\n\n<p class=\"has-intrace-primary-color has-text-color\"><strong>3.1. <\/strong>Persons who grossly violate these Regulations with their behavior will be asked to leave the Premises.<\/p>\n\n\n\n<p class=\"has-intrace-primary-color has-text-color\"><strong>3.2. <\/strong>People who have received an order to leave the premises, and yet will try to stay there - will be asked to leave.<\/p>\n\n\n\n<p class=\"has-intrace-primary-color has-text-color\"><strong>3.3.<\/strong> The following persons may be asked to leave the Premises:<br>a) violating the rules of these regulations<br>b) under the influence of drugs<br>c) significantly intoxicated<\/p>\n\n\n\n<h3 class=\"has-intrace-primary-color has-text-color wp-block-heading\">4. Safety rules<\/h3>\n\n\n\n<p class=\"has-intrace-primary-color has-text-color\"><strong>4.1.<\/strong> There is visual monitoring in the Premises. You can read about how personal data is processed with it at: <a href=\"https:\/\/uszkota.pl\/en\/privacy-policy\/\">https:\/\/uszkota.pl\/privacy-policy\/<\/a><\/p>\n\n\n\n<p class=\"has-intrace-primary-color has-text-color\"><strong>4.2.<\/strong> The staff may refuse to serve alcohol to an intoxicated person.<\/p>\n\n\n\n<p class=\"has-intrace-primary-color has-text-color\"><strong>4.3.<\/strong>  People staying in the Premises are obliged to behave in a way that does not threaten their own safety and that of third parties.<\/p>\n\n\n\n<p class=\"has-intrace-primary-color has-text-color\"><strong>4.4.<\/strong> Persons staying in the Premises are obliged to strictly comply with the indications and instructions of the security services, Service, Manager and Owner of the Premises, in particular in fire hazard situations.<\/p>\n\n\n\n<p class=\"has-intrace-primary-color has-text-color\"><strong>4.5.<\/strong> In the Premises it is forbidden to:<br>a) smoking tobacco products and e-cigarettes<br>b) bring, and even more so, consume alcohol and beverages purchased outside the Premises<br>c) taking intoxicants (except for alcohol purchased at the Premises)<br>d) behavior that violates generally accepted social norms<br>e) soliciting and aggressive behavior towards other guests<br>f) having and bringing in sharp tools, melee weapons and firearms and other items that may threaten the safety of other guests<br>g) activities having signs of trade, i.e. acquisition, promotion, advertising and fundraising (unless previously agreed with the manager or owner of the Premises)<br>f) wnoszenia oraz spo\u017cywania posi\u0142k\u00f3w zakupionych poza Lokalem<\/p>\n\n\n\n<p class=\"has-intrace-primary-color has-text-color\"><strong>4.6.<\/strong> Persons who do not comply with the safety rules will be asked to leave the Premises and, if the situation requires it, they will be handed over to the appropriate authorities.<\/p>\n\n\n\n<h3 class=\"has-intrace-primary-color has-text-color wp-block-heading\">5. Material and criminal liability<\/h3>\n\n\n\n<p class=\"has-intrace-primary-color has-text-color\"><strong>5.1.<\/strong> The Owner, Service of the Premises, Manager and Security are not responsible for items left or lost by guests in the Premises.<\/p>\n\n\n\n<p class=\"has-intrace-primary-color has-text-color\"><strong>5.2.<\/strong> Each offense with the characteristics of a crime and acts of vandalism will be reported to the Police.<\/p>\n\n\n\n<p class=\"has-intrace-primary-color has-text-color\"><strong>5.3. <\/strong>Persons who have committed such damage bear material and criminal liability for damage to the equipment of the Premises.<\/p>\n\n\n\n<h3 class=\"has-intrace-primary-color has-text-color wp-block-heading\">6. Final Provisions and Acceptance<\/h3>\n\n\n\n<p class=\"has-intrace-primary-color has-text-color\"><strong>6.1.<\/strong> Disputes in matters not covered by these Regulations shall be resolved by the Owner or Manager of the Premises.<\/p>\n\n\n\n<p class=\"has-intrace-primary-color has-text-color\"><strong>6.2.<\/strong> The Premises shall not be liable for damages caused to property or persons in the Premises and in the area adjacent to the Premises.<\/p>\n\n\n\n<p class=\"has-intrace-primary-color has-text-color\"><strong>6.3.<\/strong> Complaints and requests will only be considered if submitted in writing.<\/p>\n\n\n\n<p class=\"has-intrace-primary-color has-text-color\"><strong>6.4.<\/strong> Any person who:<br>a) books a table<br>b) takes part in the tasting<br>c) uses the Showroom<br>d) stays in the premises<br>Is obliged to read the regulations.<br>Continuing to stay in the premises is associated with the acceptance of all sub-points.<\/p>\n\n\n\n<p class=\"has-intrace-primary-color has-text-color\"> <\/p>","protected":false},"excerpt":{"rendered":"<p>Wszyscy lubimy si\u0119 dobrze bawi\u0107, ale dla Twojego bezpiecze\u0144stwa, komfortu pracownik\u00f3w i spokoju s\u0105siad\u00f3w &#8211; przedstawiamy kr\u00f3tki regulamin naszego lokalu. 1. Postanowienia og\u00f3lne 1.1. Niniejszy Regulamin zosta\u0142 podany do publicznej wiadomo\u015bci, poprzez umieszczenie go na og\u00f3lnodost\u0119pnej stronie internetowej Lokalu, pod adresem uszkota.pl\/regulamin-lokalu\/ jest r\u00f3wnie\u017c dost\u0119pny w wersji drukowanej, do wgl\u0105du, w Lokalu. 1.2. Przebywanie w Lokalu oznacza akceptacj\u0119 warunk\u00f3w opisanych w niniejszym Regulaminie. 1.3. Napoje alkoholowe s\u0105 sprzedawane i podawane jedynie osobom, kt\u00f3re uko\u0144czy\u0142y 18 rok \u017cycia. 1.4. Je\u015bli obs\u0142uga ma w\u0105tpliwo\u015bci dotycz\u0105ce wieku osoby zamawiaj\u0105cej alkohol, ma prawo za\u017c\u0105da\u0107 od niej przedstawienia dokumentu to\u017csamo\u015bci zawieraj\u0105cego dat\u0119 urodzenia. Je\u015bli dana<\/p>","protected":false},"author":1,"featured_media":0,"parent":0,"menu_order":0,"comment_status":"closed","ping_status":"closed","template":"","meta":{"ub_ctt_via":"","_regular_price":[],"currency_symbol":[],"footnotes":""},"class_list":["post-561","page","type-page","status-publish","hentry"],"featured_image_src":null,"post_slider_layout_featured_media_urls":{"thumbnail":"","post_slider_layout_landscape_large":"","post_slider_layout_portrait_large":"","post_slider_layout_square_large":"","post_slider_layout_landscape":"","post_slider_layout_portrait":"","post_slider_layout_square":"","full":""},"yoast_head":"<!-- This site is optimized with the Yoast SEO plugin v27.3 - https:\/\/yoast.com\/product\/yoast-seo-wordpress\/ -->\n<title>Regulamin Lokalu - uSzkota<\/title>\n<meta name=\"robots\" content=\"index, follow, max-snippet:-1, max-image-preview:large, max-video-preview:-1\" \/>\n<link rel=\"canonical\" href=\"https:\/\/uszkota.pl\/en\/regulamin-lokalu\/\" \/>\n<meta property=\"og:locale\" content=\"en_GB\" \/>\n<meta property=\"og:type\" content=\"article\" \/>\n<meta property=\"og:title\" content=\"Regulamin Lokalu - uSzkota\" \/>\n<meta property=\"og:description\" content=\"Wszyscy lubimy si\u0119 dobrze bawi\u0107, ale dla Twojego bezpiecze\u0144stwa, komfortu pracownik\u00f3w i spokoju s\u0105siad\u00f3w &#8211; przedstawiamy kr\u00f3tki regulamin naszego lokalu. 1. Postanowienia og\u00f3lne 1.1. Niniejszy Regulamin zosta\u0142 podany do publicznej wiadomo\u015bci, poprzez umieszczenie go na og\u00f3lnodost\u0119pnej stronie internetowej Lokalu, pod adresem uszkota.pl\/regulamin-lokalu\/ jest r\u00f3wnie\u017c dost\u0119pny w wersji drukowanej, do wgl\u0105du, w Lokalu. 1.2. Przebywanie w Lokalu oznacza akceptacj\u0119 warunk\u00f3w opisanych w niniejszym Regulaminie. 1.3. Napoje alkoholowe s\u0105 sprzedawane i podawane jedynie osobom, kt\u00f3re uko\u0144czy\u0142y 18 rok \u017cycia. 1.4. Je\u015bli obs\u0142uga ma w\u0105tpliwo\u015bci dotycz\u0105ce wieku osoby zamawiaj\u0105cej alkohol, ma prawo za\u017c\u0105da\u0107 od niej przedstawienia dokumentu to\u017csamo\u015bci zawieraj\u0105cego dat\u0119 urodzenia. Je\u015bli dana\" \/>\n<meta property=\"og:url\" content=\"https:\/\/uszkota.pl\/en\/regulamin-lokalu\/\" \/>\n<meta property=\"og:site_name\" content=\"uSzkota\" \/>\n<meta property=\"article:publisher\" content=\"https:\/\/www.facebook.com\/uszkota\" \/>\n<meta property=\"article:modified_time\" content=\"2022-12-23T14:10:08+00:00\" \/>\n<meta name=\"twitter:card\" content=\"summary_large_image\" \/>\n<meta name=\"twitter:label1\" content=\"Estimated reading time\" \/>\n\t<meta name=\"twitter:data1\" content=\"5 minutes\" \/>\n<script type=\"application\/ld+json\" class=\"yoast-schema-graph\">{\"@context\":\"https:\\\/\\\/schema.org\",\"@graph\":[{\"@type\":\"WebPage\",\"@id\":\"https:\\\/\\\/uszkota.pl\\\/regulamin-lokalu\\\/\",\"url\":\"https:\\\/\\\/uszkota.pl\\\/regulamin-lokalu\\\/\",\"name\":\"Regulamin Lokalu - uSzkota\",\"isPartOf\":{\"@id\":\"https:\\\/\\\/uszkota.pl\\\/#website\"},\"datePublished\":\"2022-09-21T09:31:38+00:00\",\"dateModified\":\"2022-12-23T14:10:08+00:00\",\"breadcrumb\":{\"@id\":\"https:\\\/\\\/uszkota.pl\\\/regulamin-lokalu\\\/#breadcrumb\"},\"inLanguage\":\"en-GB\",\"potentialAction\":[{\"@type\":\"ReadAction\",\"target\":[\"https:\\\/\\\/uszkota.pl\\\/regulamin-lokalu\\\/\"]}]},{\"@type\":\"BreadcrumbList\",\"@id\":\"https:\\\/\\\/uszkota.pl\\\/regulamin-lokalu\\\/#breadcrumb\",\"itemListElement\":[{\"@type\":\"ListItem\",\"position\":1,\"name\":\"Strona g\u0142\u00f3wna\",\"item\":\"https:\\\/\\\/uszkota.pl\\\/\"},{\"@type\":\"ListItem\",\"position\":2,\"name\":\"Regulamin Lokalu\"}]},{\"@type\":\"WebSite\",\"@id\":\"https:\\\/\\\/uszkota.pl\\\/#website\",\"url\":\"https:\\\/\\\/uszkota.pl\\\/\",\"name\":\"uSzkota\",\"description\":\"Duch Szkocji w Sercu Gda\u0144ska\",\"publisher\":{\"@id\":\"https:\\\/\\\/uszkota.pl\\\/#organization\"},\"potentialAction\":[{\"@type\":\"SearchAction\",\"target\":{\"@type\":\"EntryPoint\",\"urlTemplate\":\"https:\\\/\\\/uszkota.pl\\\/?s={search_term_string}\"},\"query-input\":{\"@type\":\"PropertyValueSpecification\",\"valueRequired\":true,\"valueName\":\"search_term_string\"}}],\"inLanguage\":\"en-GB\"},{\"@type\":\"Organization\",\"@id\":\"https:\\\/\\\/uszkota.pl\\\/#organization\",\"name\":\"u Szkota\",\"url\":\"https:\\\/\\\/uszkota.pl\\\/\",\"logo\":{\"@type\":\"ImageObject\",\"inLanguage\":\"en-GB\",\"@id\":\"https:\\\/\\\/uszkota.pl\\\/#\\\/schema\\\/logo\\\/image\\\/\",\"url\":\"http:\\\/\\\/uszkota.pl\\\/wp-content\\\/uploads\\\/2022\\\/08\\\/Projekt-bez-tytulu-2022-07-11T130831.910.png\",\"contentUrl\":\"http:\\\/\\\/uszkota.pl\\\/wp-content\\\/uploads\\\/2022\\\/08\\\/Projekt-bez-tytulu-2022-07-11T130831.910.png\",\"width\":1080,\"height\":1080,\"caption\":\"u Szkota\"},\"image\":{\"@id\":\"https:\\\/\\\/uszkota.pl\\\/#\\\/schema\\\/logo\\\/image\\\/\"},\"sameAs\":[\"https:\\\/\\\/www.facebook.com\\\/uszkota\",\"https:\\\/\\\/www.instagram.com\\\/uszkotagdansk\\\/\"]}]}<\/script>\n<!-- \/ Yoast SEO plugin. -->","yoast_head_json":{"title":"Regulamin Lokalu - uSzkota","robots":{"index":"index","follow":"follow","max-snippet":"max-snippet:-1","max-image-preview":"max-image-preview:large","max-video-preview":"max-video-preview:-1"},"canonical":"https:\/\/uszkota.pl\/en\/regulamin-lokalu\/","og_locale":"en_GB","og_type":"article","og_title":"Regulamin Lokalu - uSzkota","og_description":"Wszyscy lubimy si\u0119 dobrze bawi\u0107, ale dla Twojego bezpiecze\u0144stwa, komfortu pracownik\u00f3w i spokoju s\u0105siad\u00f3w &#8211; przedstawiamy kr\u00f3tki regulamin naszego lokalu. 1. Postanowienia og\u00f3lne 1.1. Niniejszy Regulamin zosta\u0142 podany do publicznej wiadomo\u015bci, poprzez umieszczenie go na og\u00f3lnodost\u0119pnej stronie internetowej Lokalu, pod adresem uszkota.pl\/regulamin-lokalu\/ jest r\u00f3wnie\u017c dost\u0119pny w wersji drukowanej, do wgl\u0105du, w Lokalu. 1.2. Przebywanie w Lokalu oznacza akceptacj\u0119 warunk\u00f3w opisanych w niniejszym Regulaminie. 1.3. Napoje alkoholowe s\u0105 sprzedawane i podawane jedynie osobom, kt\u00f3re uko\u0144czy\u0142y 18 rok \u017cycia. 1.4. Je\u015bli obs\u0142uga ma w\u0105tpliwo\u015bci dotycz\u0105ce wieku osoby zamawiaj\u0105cej alkohol, ma prawo za\u017c\u0105da\u0107 od niej przedstawienia dokumentu to\u017csamo\u015bci zawieraj\u0105cego dat\u0119 urodzenia. Je\u015bli dana","og_url":"https:\/\/uszkota.pl\/en\/regulamin-lokalu\/","og_site_name":"uSzkota","article_publisher":"https:\/\/www.facebook.com\/uszkota","article_modified_time":"2022-12-23T14:10:08+00:00","twitter_card":"summary_large_image","twitter_misc":{"Estimated reading time":"5 minutes"},"schema":{"@context":"https:\/\/schema.org","@graph":[{"@type":"WebPage","@id":"https:\/\/uszkota.pl\/regulamin-lokalu\/","url":"https:\/\/uszkota.pl\/regulamin-lokalu\/","name":"Regulamin Lokalu - uSzkota","isPartOf":{"@id":"https:\/\/uszkota.pl\/#website"},"datePublished":"2022-09-21T09:31:38+00:00","dateModified":"2022-12-23T14:10:08+00:00","breadcrumb":{"@id":"https:\/\/uszkota.pl\/regulamin-lokalu\/#breadcrumb"},"inLanguage":"en-GB","potentialAction":[{"@type":"ReadAction","target":["https:\/\/uszkota.pl\/regulamin-lokalu\/"]}]},{"@type":"BreadcrumbList","@id":"https:\/\/uszkota.pl\/regulamin-lokalu\/#breadcrumb","itemListElement":[{"@type":"ListItem","position":1,"name":"Strona g\u0142\u00f3wna","item":"https:\/\/uszkota.pl\/"},{"@type":"ListItem","position":2,"name":"Regulamin Lokalu"}]},{"@type":"WebSite","@id":"https:\/\/uszkota.pl\/#website","url":"https:\/\/uszkota.pl\/","name":"uSzkota","description":"Duch Szkocji w Sercu Gda\u0144ska","publisher":{"@id":"https:\/\/uszkota.pl\/#organization"},"potentialAction":[{"@type":"SearchAction","target":{"@type":"EntryPoint","urlTemplate":"https:\/\/uszkota.pl\/?s={search_term_string}"},"query-input":{"@type":"PropertyValueSpecification","valueRequired":true,"valueName":"search_term_string"}}],"inLanguage":"en-GB"},{"@type":"Organization","@id":"https:\/\/uszkota.pl\/#organization","name":"u Szkota","url":"https:\/\/uszkota.pl\/","logo":{"@type":"ImageObject","inLanguage":"en-GB","@id":"https:\/\/uszkota.pl\/#\/schema\/logo\/image\/","url":"http:\/\/uszkota.pl\/wp-content\/uploads\/2022\/08\/Projekt-bez-tytulu-2022-07-11T130831.910.png","contentUrl":"http:\/\/uszkota.pl\/wp-content\/uploads\/2022\/08\/Projekt-bez-tytulu-2022-07-11T130831.910.png","width":1080,"height":1080,"caption":"u Szkota"},"image":{"@id":"https:\/\/uszkota.pl\/#\/schema\/logo\/image\/"},"sameAs":["https:\/\/www.facebook.com\/uszkota","https:\/\/www.instagram.com\/uszkotagdansk\/"]}]}},"_links":{"self":[{"href":"https:\/\/uszkota.pl\/en\/wp-json\/wp\/v2\/pages\/561","targetHints":{"allow":["GET"]}}],"collection":[{"href":"https:\/\/uszkota.pl\/en\/wp-json\/wp\/v2\/pages"}],"about":[{"href":"https:\/\/uszkota.pl\/en\/wp-json\/wp\/v2\/types\/page"}],"author":[{"embeddable":true,"href":"https:\/\/uszkota.pl\/en\/wp-json\/wp\/v2\/users\/1"}],"replies":[{"embeddable":true,"href":"https:\/\/uszkota.pl\/en\/wp-json\/wp\/v2\/comments?post=561"}],"version-history":[{"count":6,"href":"https:\/\/uszkota.pl\/en\/wp-json\/wp\/v2\/pages\/561\/revisions"}],"predecessor-version":[{"id":759,"href":"https:\/\/uszkota.pl\/en\/wp-json\/wp\/v2\/pages\/561\/revisions\/759"}],"wp:attachment":[{"href":"https:\/\/uszkota.pl\/en\/wp-json\/wp\/v2\/media?parent=561"}],"curies":[{"name":"wp","href":"https:\/\/api.w.org\/{rel}","templated":true}]}}