{"id":558,"date":"2022-09-21T09:31:24","date_gmt":"2022-09-21T09:31:24","guid":{"rendered":"https:\/\/uszkota.pl\/?page_id=558"},"modified":"2022-09-21T10:55:06","modified_gmt":"2022-09-21T10:55:06","slug":"faq","status":"publish","type":"page","link":"https:\/\/uszkota.pl\/en\/faq\/","title":{"rendered":"FAQ"},"content":{"rendered":"<p class=\"has-intrace-primary-color has-text-color\">Today's question - today's answer.<\/p>\n\n\n\n<p class=\"has-intrace-primary-color has-text-color\">We know that some issues are particularly pressing and often brought up. That's why we decided to answer most of them here!<\/p>\n\n\n\n<div class=\"wp-block-ive-accordion alignnone\"><div class=\"ive-accordion-wrap ive-accordion-wrap ive-accordion-_1e0345-f7 ive-accordion-has-7-panes ive-active-pane-0 ive-accordion-block ive-pane-header-alignment-left ive-accodion-icon-style-basic ive-accodion-icon-side-right\"><div class=\"ive-accordion-inner-wrap ive-start-active-pane-1 ive-accordion-_1e0345-f7 ive-accodion-icon-style-basic ive-accodion-icon-side-right\" data-allow-multiple-open=\"false\" data-start-open=\"none\">\n<div class=\"wp-block-ive-pane ive-accordion-pane ive-accordion-pane-1 ive-pane_e7842b-ed\"><div class=\"ive-accordion-header-wrap\"><button class=\"ive-blocks-accordion-header ive-acccordion-button-label-show d-flex justify-content-start justify-content-md-start ive-accordions-xl-start\"><span class=\"ive-blocks-accordion-title-wrap\"><span class=\"ive-blocks-accordion-title\">Should I make reservations?<\/span><\/span><span class=\"ive-blocks-accordion-icon-trigger\"><\/span><\/button><\/div><div class=\"ive-accordion-panel\"><div class=\"ive-accordion-panel-inner\">\n<p class=\"has-intrace-primary-color has-text-color\">There is no such requirement. However, on weekends and holidays, our place fills up very quickly, so it's worth to reserve a seat!<\/p>\n<\/div><\/div><\/div>\n\n\n\n<div class=\"wp-block-ive-pane ive-accordion-pane ive-accordion-pane-2 ive-pane_845a4f-a7\"><div class=\"ive-accordion-header-wrap\"><button class=\"ive-blocks-accordion-header ive-acccordion-button-label-show d-flex justify-content-start justify-content-md-start ive-accordions-xl-start\"><span class=\"ive-blocks-accordion-title-wrap\"><span class=\"ive-blocks-accordion-title\">Can I move the chairs to other tables?<\/span><\/span><span class=\"ive-blocks-accordion-icon-trigger\"><\/span><\/button><\/div><div class=\"ive-accordion-panel\"><div class=\"ive-accordion-panel-inner\">\n<p class=\"has-intrace-primary-color has-text-color\">Je\u017celi istnieje taka mo\u017cliwo\u015b\u0107 i potrzeba, to nasza ekipa ch\u0119tnie Ci pomo\u017ce! Dla komfortu i bezpiecze\u0144stwa Go\u015bci &#8211; tylko obs\u0142uga mo\u017ce dokonywa\u0107 &#8222;przemeblowania&#8221;.<\/p>\n<\/div><\/div><\/div>\n\n\n\n<div class=\"wp-block-ive-pane ive-accordion-pane ive-accordion-pane-3 ive-pane_3bf808-fe\"><div class=\"ive-accordion-header-wrap\"><button class=\"ive-blocks-accordion-header ive-acccordion-button-label-show d-flex justify-content-start justify-content-md-start ive-accordions-xl-start\"><span class=\"ive-blocks-accordion-title-wrap\"><span class=\"ive-blocks-accordion-title\">Is there a smoking room on the property?<\/span><\/span><span class=\"ive-blocks-accordion-icon-trigger\"><\/span><\/button><\/div><div class=\"ive-accordion-panel\"><div class=\"ive-accordion-panel-inner\">\n<p class=\"has-intrace-primary-color has-text-color\">No.<\/p>\n<\/div><\/div><\/div>\n\n\n\n<div class=\"wp-block-ive-pane ive-accordion-pane ive-accordion-pane-4 ive-pane_33f599-62\"><div class=\"ive-accordion-header-wrap\"><button class=\"ive-blocks-accordion-header ive-acccordion-button-label-show d-flex justify-content-start justify-content-md-start ive-accordions-xl-start\"><span class=\"ive-blocks-accordion-title-wrap\"><span class=\"ive-blocks-accordion-title\">Can I come with pets?<\/span><\/span><span class=\"ive-blocks-accordion-icon-trigger\"><\/span><\/button><\/div><div class=\"ive-accordion-panel\"><div class=\"ive-accordion-panel-inner\">\n<p class=\"has-intrace-primary-color has-text-color\">As long as they don't disturb other guests, yes. Remember, however, that the staff may refuse to let you enter with your pet if there is a risk of endangering its health or comfort of guests.<\/p>\n<\/div><\/div><\/div>\n\n\n\n<div class=\"wp-block-ive-pane ive-accordion-pane ive-accordion-pane-5 ive-pane_eb8a64-11\"><div class=\"ive-accordion-header-wrap\"><button class=\"ive-blocks-accordion-header ive-acccordion-button-label-show d-flex justify-content-start justify-content-md-start ive-accordions-xl-start\"><span class=\"ive-blocks-accordion-title-wrap\"><span class=\"ive-blocks-accordion-title\">Czy &#8222;U Szkota&#8221; jest LGBTQIA+ Friendly?<\/span><\/span><span class=\"ive-blocks-accordion-icon-trigger\"><\/span><\/button><\/div><div class=\"ive-accordion-panel\"><div class=\"ive-accordion-panel-inner\">\n<p class=\"has-intrace-primary-color has-text-color\">Of course it is! We don't peek into anyone's bed. \ud83d\ude09<\/p>\n<\/div><\/div><\/div>\n\n\n\n<div class=\"wp-block-ive-pane ive-accordion-pane ive-accordion-pane-6 ive-pane_5d5f47-44\"><div class=\"ive-accordion-header-wrap\"><button class=\"ive-blocks-accordion-header ive-acccordion-button-label-show d-flex justify-content-start justify-content-md-start ive-accordions-xl-start\"><span class=\"ive-blocks-accordion-title-wrap\"><span class=\"ive-blocks-accordion-title\">What cocktails are served in our place?<\/span><\/span><span class=\"ive-blocks-accordion-icon-trigger\"><\/span><\/button><\/div><div class=\"ive-accordion-panel\"><div class=\"ive-accordion-panel-inner\">\n<p class=\"has-intrace-primary-color has-text-color\">You will find everything in our menu - <a href=\"https:\/\/uszkota.pl\/en\/menu\/\">https:\/\/uszkota.pl\/menu\/<\/a><\/p>\n<\/div><\/div><\/div>\n\n\n\n<div class=\"wp-block-ive-pane ive-accordion-pane ive-accordion-pane-7 ive-pane_ebb57c-88\"><div class=\"ive-accordion-header-wrap\"><button class=\"ive-blocks-accordion-header ive-acccordion-button-label-show d-flex justify-content-start justify-content-md-start ive-accordions-xl-start\"><span class=\"ive-blocks-accordion-title-wrap\"><span class=\"ive-blocks-accordion-title\">Where can I book a table?<\/span><\/span><span class=\"ive-blocks-accordion-icon-trigger\"><\/span><\/button><\/div><div class=\"ive-accordion-panel\"><div class=\"ive-accordion-panel-inner\">\n<p class=\"has-intrace-primary-color has-text-color\">Reservations can be made by:<br>\u2013 phone \u2013 500 033 636<br>&#8211; Fanpage &#8211;\u00a0<a href=\"https:\/\/www.facebook.com\/uszkota\">https:\/\/www.facebook.com\/uszkota<\/a><br>&#8211; e-mail &#8211; pubszkot@gmail.com<br>\u2013 form \u2013\u00a0<a href=\"https:\/\/uszkota.pl\/en\/kontakt\/\">https:\/\/uszkota.pl\/kontakt\/<\/a><br>- in person<\/p>\n<\/div><\/div><\/div>\n<\/div><\/div><\/div>\n\n\n\n<p class=\"has-intrace-primary-color has-text-color\">You don't see the answer to your question?<br>Send them to us by e-mail at: pubszkot@gmail.com<\/p>","protected":false},"excerpt":{"rendered":"<p>Dzi\u015b pytanie &#8211; dzi\u015b odpowied\u017a. Wiemy, \u017ce niekt\u00f3re kwestie s\u0105 szczeg\u00f3lnie pal\u0105ce i cz\u0119sto poruszane. Dlatego na wi\u0119kszo\u015b\u0107 postanowili\u015bmy odpowiedzie\u0107 w tym miejscu! Nie widzisz odpowiedzi na swoje pytanie?Zadaj nam je mailowo na: pubszkot@gmail.com<\/p>","protected":false},"author":1,"featured_media":0,"parent":0,"menu_order":0,"comment_status":"closed","ping_status":"closed","template":"","meta":{"ub_ctt_via":"","_regular_price":[],"currency_symbol":[],"footnotes":""},"class_list":["post-558","page","type-page","status-publish","hentry"],"featured_image_src":null,"post_slider_layout_featured_media_urls":{"thumbnail":"","post_slider_layout_landscape_large":"","post_slider_layout_portrait_large":"","post_slider_layout_square_large":"","post_slider_layout_landscape":"","post_slider_layout_portrait":"","post_slider_layout_square":"","full":""},"yoast_head":"<!-- This site is optimized with the Yoast SEO plugin v27.4 - https:\/\/yoast.com\/product\/yoast-seo-wordpress\/ -->\n<title>FAQ - uSzkota<\/title>\n<meta name=\"robots\" content=\"index, follow, max-snippet:-1, max-image-preview:large, max-video-preview:-1\" \/>\n<link rel=\"canonical\" href=\"https:\/\/uszkota.pl\/en\/faq\/\" \/>\n<meta property=\"og:locale\" content=\"en_GB\" \/>\n<meta property=\"og:type\" content=\"article\" \/>\n<meta property=\"og:title\" content=\"FAQ - uSzkota\" \/>\n<meta property=\"og:description\" content=\"Dzi\u015b pytanie &#8211; dzi\u015b odpowied\u017a. Wiemy, \u017ce niekt\u00f3re kwestie s\u0105 szczeg\u00f3lnie pal\u0105ce i cz\u0119sto poruszane. Dlatego na wi\u0119kszo\u015b\u0107 postanowili\u015bmy odpowiedzie\u0107 w tym miejscu! Nie widzisz odpowiedzi na swoje pytanie?Zadaj nam je mailowo na: pubszkot@gmail.com\" \/>\n<meta property=\"og:url\" content=\"https:\/\/uszkota.pl\/en\/faq\/\" \/>\n<meta property=\"og:site_name\" content=\"uSzkota\" \/>\n<meta property=\"article:publisher\" content=\"https:\/\/www.facebook.com\/uszkota\" \/>\n<meta property=\"article:modified_time\" content=\"2022-09-21T10:55:06+00:00\" \/>\n<meta name=\"twitter:card\" content=\"summary_large_image\" \/>\n<meta name=\"twitter:label1\" content=\"Estimated reading time\" \/>\n\t<meta name=\"twitter:data1\" content=\"2 minutes\" \/>\n<script type=\"application\/ld+json\" class=\"yoast-schema-graph\">{\"@context\":\"https:\\\/\\\/schema.org\",\"@graph\":[{\"@type\":\"WebPage\",\"@id\":\"https:\\\/\\\/uszkota.pl\\\/faq\\\/\",\"url\":\"https:\\\/\\\/uszkota.pl\\\/faq\\\/\",\"name\":\"FAQ - uSzkota\",\"isPartOf\":{\"@id\":\"https:\\\/\\\/uszkota.pl\\\/#website\"},\"datePublished\":\"2022-09-21T09:31:24+00:00\",\"dateModified\":\"2022-09-21T10:55:06+00:00\",\"breadcrumb\":{\"@id\":\"https:\\\/\\\/uszkota.pl\\\/faq\\\/#breadcrumb\"},\"inLanguage\":\"en-GB\",\"potentialAction\":[{\"@type\":\"ReadAction\",\"target\":[\"https:\\\/\\\/uszkota.pl\\\/faq\\\/\"]}]},{\"@type\":\"BreadcrumbList\",\"@id\":\"https:\\\/\\\/uszkota.pl\\\/faq\\\/#breadcrumb\",\"itemListElement\":[{\"@type\":\"ListItem\",\"position\":1,\"name\":\"Strona g\u0142\u00f3wna\",\"item\":\"https:\\\/\\\/uszkota.pl\\\/\"},{\"@type\":\"ListItem\",\"position\":2,\"name\":\"FAQ\"}]},{\"@type\":\"WebSite\",\"@id\":\"https:\\\/\\\/uszkota.pl\\\/#website\",\"url\":\"https:\\\/\\\/uszkota.pl\\\/\",\"name\":\"uSzkota\",\"description\":\"Duch Szkocji w Sercu Gda\u0144ska\",\"publisher\":{\"@id\":\"https:\\\/\\\/uszkota.pl\\\/#organization\"},\"potentialAction\":[{\"@type\":\"SearchAction\",\"target\":{\"@type\":\"EntryPoint\",\"urlTemplate\":\"https:\\\/\\\/uszkota.pl\\\/?s={search_term_string}\"},\"query-input\":{\"@type\":\"PropertyValueSpecification\",\"valueRequired\":true,\"valueName\":\"search_term_string\"}}],\"inLanguage\":\"en-GB\"},{\"@type\":\"Organization\",\"@id\":\"https:\\\/\\\/uszkota.pl\\\/#organization\",\"name\":\"u Szkota\",\"url\":\"https:\\\/\\\/uszkota.pl\\\/\",\"logo\":{\"@type\":\"ImageObject\",\"inLanguage\":\"en-GB\",\"@id\":\"https:\\\/\\\/uszkota.pl\\\/#\\\/schema\\\/logo\\\/image\\\/\",\"url\":\"http:\\\/\\\/uszkota.pl\\\/wp-content\\\/uploads\\\/2022\\\/08\\\/Projekt-bez-tytulu-2022-07-11T130831.910.png\",\"contentUrl\":\"http:\\\/\\\/uszkota.pl\\\/wp-content\\\/uploads\\\/2022\\\/08\\\/Projekt-bez-tytulu-2022-07-11T130831.910.png\",\"width\":1080,\"height\":1080,\"caption\":\"u Szkota\"},\"image\":{\"@id\":\"https:\\\/\\\/uszkota.pl\\\/#\\\/schema\\\/logo\\\/image\\\/\"},\"sameAs\":[\"https:\\\/\\\/www.facebook.com\\\/uszkota\",\"https:\\\/\\\/www.instagram.com\\\/uszkotagdansk\\\/\"]}]}<\/script>\n<!-- \/ Yoast SEO plugin. -->","yoast_head_json":{"title":"FAQ - uSzkota","robots":{"index":"index","follow":"follow","max-snippet":"max-snippet:-1","max-image-preview":"max-image-preview:large","max-video-preview":"max-video-preview:-1"},"canonical":"https:\/\/uszkota.pl\/en\/faq\/","og_locale":"en_GB","og_type":"article","og_title":"FAQ - uSzkota","og_description":"Dzi\u015b pytanie &#8211; dzi\u015b odpowied\u017a. Wiemy, \u017ce niekt\u00f3re kwestie s\u0105 szczeg\u00f3lnie pal\u0105ce i cz\u0119sto poruszane. Dlatego na wi\u0119kszo\u015b\u0107 postanowili\u015bmy odpowiedzie\u0107 w tym miejscu! Nie widzisz odpowiedzi na swoje pytanie?Zadaj nam je mailowo na: pubszkot@gmail.com","og_url":"https:\/\/uszkota.pl\/en\/faq\/","og_site_name":"uSzkota","article_publisher":"https:\/\/www.facebook.com\/uszkota","article_modified_time":"2022-09-21T10:55:06+00:00","twitter_card":"summary_large_image","twitter_misc":{"Estimated reading time":"2 minutes"},"schema":{"@context":"https:\/\/schema.org","@graph":[{"@type":"WebPage","@id":"https:\/\/uszkota.pl\/faq\/","url":"https:\/\/uszkota.pl\/faq\/","name":"FAQ - uSzkota","isPartOf":{"@id":"https:\/\/uszkota.pl\/#website"},"datePublished":"2022-09-21T09:31:24+00:00","dateModified":"2022-09-21T10:55:06+00:00","breadcrumb":{"@id":"https:\/\/uszkota.pl\/faq\/#breadcrumb"},"inLanguage":"en-GB","potentialAction":[{"@type":"ReadAction","target":["https:\/\/uszkota.pl\/faq\/"]}]},{"@type":"BreadcrumbList","@id":"https:\/\/uszkota.pl\/faq\/#breadcrumb","itemListElement":[{"@type":"ListItem","position":1,"name":"Strona g\u0142\u00f3wna","item":"https:\/\/uszkota.pl\/"},{"@type":"ListItem","position":2,"name":"FAQ"}]},{"@type":"WebSite","@id":"https:\/\/uszkota.pl\/#website","url":"https:\/\/uszkota.pl\/","name":"uSzkota","description":"Duch Szkocji w Sercu Gda\u0144ska","publisher":{"@id":"https:\/\/uszkota.pl\/#organization"},"potentialAction":[{"@type":"SearchAction","target":{"@type":"EntryPoint","urlTemplate":"https:\/\/uszkota.pl\/?s={search_term_string}"},"query-input":{"@type":"PropertyValueSpecification","valueRequired":true,"valueName":"search_term_string"}}],"inLanguage":"en-GB"},{"@type":"Organization","@id":"https:\/\/uszkota.pl\/#organization","name":"u Szkota","url":"https:\/\/uszkota.pl\/","logo":{"@type":"ImageObject","inLanguage":"en-GB","@id":"https:\/\/uszkota.pl\/#\/schema\/logo\/image\/","url":"http:\/\/uszkota.pl\/wp-content\/uploads\/2022\/08\/Projekt-bez-tytulu-2022-07-11T130831.910.png","contentUrl":"http:\/\/uszkota.pl\/wp-content\/uploads\/2022\/08\/Projekt-bez-tytulu-2022-07-11T130831.910.png","width":1080,"height":1080,"caption":"u Szkota"},"image":{"@id":"https:\/\/uszkota.pl\/#\/schema\/logo\/image\/"},"sameAs":["https:\/\/www.facebook.com\/uszkota","https:\/\/www.instagram.com\/uszkotagdansk\/"]}]}},"_links":{"self":[{"href":"https:\/\/uszkota.pl\/en\/wp-json\/wp\/v2\/pages\/558","targetHints":{"allow":["GET"]}}],"collection":[{"href":"https:\/\/uszkota.pl\/en\/wp-json\/wp\/v2\/pages"}],"about":[{"href":"https:\/\/uszkota.pl\/en\/wp-json\/wp\/v2\/types\/page"}],"author":[{"embeddable":true,"href":"https:\/\/uszkota.pl\/en\/wp-json\/wp\/v2\/users\/1"}],"replies":[{"embeddable":true,"href":"https:\/\/uszkota.pl\/en\/wp-json\/wp\/v2\/comments?post=558"}],"version-history":[{"count":8,"href":"https:\/\/uszkota.pl\/en\/wp-json\/wp\/v2\/pages\/558\/revisions"}],"predecessor-version":[{"id":586,"href":"https:\/\/uszkota.pl\/en\/wp-json\/wp\/v2\/pages\/558\/revisions\/586"}],"wp:attachment":[{"href":"https:\/\/uszkota.pl\/en\/wp-json\/wp\/v2\/media?parent=558"}],"curies":[{"name":"wp","href":"https:\/\/api.w.org\/{rel}","templated":true}]}}