{"id":33,"date":"2022-08-02T10:51:29","date_gmt":"2022-08-02T10:51:29","guid":{"rendered":"http:\/\/uszkota.pl\/?page_id=33"},"modified":"2023-11-08T17:42:37","modified_gmt":"2023-11-08T17:42:37","slug":"kontakt","status":"publish","type":"page","link":"https:\/\/uszkota.pl\/en\/kontakt\/","title":{"rendered":"Contact"},"content":{"rendered":"<div class=\"wp-block-group has-white-background-color has-background is-layout-constrained wp-container-core-group-is-layout-bd8428a8 wp-block-group-is-layout-constrained\" style=\"padding-bottom:100px\">\n<div class=\"wp-block-columns is-layout-flex wp-container-core-columns-is-layout-28f84493 wp-block-columns-is-layout-flex\">\n<div class=\"wp-block-column is-vertically-aligned-center is-layout-flow wp-block-column-is-layout-flow\">\n<div class=\"wp-block-columns is-layout-flex wp-container-core-columns-is-layout-28f84493 wp-block-columns-is-layout-flex\">\n<div class=\"wp-block-column is-layout-flow wp-block-column-is-layout-flow\" style=\"flex-basis:100%\">\n<div class=\"wp-block-columns is-layout-flex wp-container-core-columns-is-layout-28f84493 wp-block-columns-is-layout-flex\">\n<div class=\"wp-block-column is-layout-flow wp-block-column-is-layout-flow\" style=\"flex-basis:100%\">\n<figure class=\"wp-block-image size-large is-resized\"><img loading=\"lazy\" decoding=\"async\" width=\"722\" height=\"1024\" src=\"https:\/\/uszkota.pl\/wp-content\/uploads\/2023\/11\/Projekt-bez-nazwy-5-722x1024.png\" alt=\"\" class=\"wp-image-1051\" style=\"width:440px;height:auto\" srcset=\"https:\/\/uszkota.pl\/wp-content\/uploads\/2023\/11\/Projekt-bez-nazwy-5-722x1024.png 722w, https:\/\/uszkota.pl\/wp-content\/uploads\/2023\/11\/Projekt-bez-nazwy-5-211x300.png 211w, https:\/\/uszkota.pl\/wp-content\/uploads\/2023\/11\/Projekt-bez-nazwy-5-768x1090.png 768w, https:\/\/uszkota.pl\/wp-content\/uploads\/2023\/11\/Projekt-bez-nazwy-5-8x12.png 8w, https:\/\/uszkota.pl\/wp-content\/uploads\/2023\/11\/Projekt-bez-nazwy-5.png 881w\" sizes=\"auto, (max-width: 722px) 100vw, 722px\" \/><\/figure>\n<\/div>\n<\/div>\n<\/div>\n<\/div>\n<\/div>\n\n\n\n<div class=\"wp-block-column is-layout-flow wp-block-column-is-layout-flow\">\n<h2 class=\"wp-block-heading intrace-animate intrace-move-right intrace-delay-1 has-text-color has-small-font-size\" style=\"color:#f21628;font-style:normal;font-weight:600;letter-spacing:1px;text-transform:uppercase\">FEEL SCOTLAND'S SPIRIT<\/h2>\n\n\n\n<h2 class=\"wp-block-heading intrace-animate intrace-move-right intrace-delay-3 has-intrace-primary-color has-text-color\" style=\"font-style:normal;font-weight:600;letter-spacing:1px;line-height:1;text-transform:uppercase\">BOOK A TABLE!<\/h2>\n\n\n\n<div class=\"wp-block-columns is-layout-flex wp-container-core-columns-is-layout-da8b552d wp-block-columns-is-layout-flex\" style=\"padding-top:10px;padding-right:80px\">\n<div class=\"wp-block-column is-layout-flow wp-block-column-is-layout-flow\" style=\"flex-basis:100%\">\n<div class=\"forminator-guttenberg\"><div class=\"forminator-ui forminator-custom-form forminator-custom-form-388 forminator-design--flat  forminator_ajax\" data-forminator-render=\"0\" data-form=\"forminator-module-388\" data-uid=\"69ea50a2d8e78\"><br\/><\/div><form\n\t\t\t\tid=\"forminator-module-388\"\n\t\t\t\tclass=\"forminator-ui forminator-custom-form forminator-custom-form-388 forminator-design--flat  forminator_ajax\"\n\t\t\t\tmethod=\"post\"\n\t\t\t\tdata-forminator-render=\"0\"\n\t\t\t\tdata-form-id=\"388\"\n\t\t\t\t data-color-option=\"default\" data-design=\"flat\" data-grid=\"open\" style=\"display: none;\"\n\t\t\t\tdata-uid=\"69ea50a2d8e78\" action=\"\"\n\t\t\t><div role=\"alert\" aria-live=\"polite\" class=\"forminator-response-message forminator-error\" aria-hidden=\"true\"><\/div><div class=\"forminator-row\"><div id=\"name-1\" class=\"forminator-field-name forminator-col forminator-col-12\"><div class=\"forminator-field\"><label for=\"forminator-field-name-1_69ea50a2d8e78\" id=\"forminator-field-name-1_69ea50a2d8e78-label\" class=\"forminator-label\">Name <span class=\"forminator-required\">*<\/span><\/label><input type=\"text\" name=\"name-1\" value=\"\" placeholder=\"For example: John Smith\" id=\"forminator-field-name-1_69ea50a2d8e78\" class=\"forminator-input forminator-name--field\" aria-required=\"true\" autocomplete=\"name\" \/><\/div><\/div><\/div><div class=\"forminator-row\"><div id=\"phone-1\" class=\"forminator-field-phone forminator-col forminator-col-12\"><div class=\"forminator-field\"><label for=\"forminator-field-phone-1_69ea50a2d8e78\" id=\"forminator-field-phone-1_69ea50a2d8e78-label\" class=\"forminator-label\">Phone number <span class=\"forminator-required\">*<\/span><\/label><input type=\"text\" name=\"phone-1\" value=\"\" placeholder=\"Example: +48 300 400 500\" id=\"forminator-field-phone-1_69ea50a2d8e78\" class=\"forminator-input forminator-field--phone\" data-required=\"1\" aria-required=\"true\" autocomplete=\"off\" \/><\/div><\/div><\/div><div class=\"forminator-row\"><div id=\"number-1\" class=\"forminator-field-number forminator-col forminator-col-12\"><div class=\"forminator-field\"><label for=\"forminator-field-number-1_69ea50a2d8e78\" id=\"forminator-field-number-1_69ea50a2d8e78-label\" class=\"forminator-label\">Number of people <span class=\"forminator-required\">*<\/span><\/label><input name=\"number-1\" value=\"\" placeholder=\"Example: 10\" id=\"forminator-field-number-1_69ea50a2d8e78\" class=\"forminator-input forminator-number--field\" inputmode=\"decimal\" data-required=\"1\" data-decimals=\"0\" aria-required=\"true\" data-inputmask=\"&#039;groupSeparator&#039;: &#039;&#039;, &#039;radixPoint&#039;: &#039;&#039;, &#039;digits&#039;: &#039;0&#039;\" type=\"number\" step=\"any\" min=\"1\" max=\"40\" \/><\/div><\/div><\/div><div class=\"forminator-row\"><div id=\"date-1\" class=\"forminator-field-date forminator-col forminator-col-12\"><div class=\"forminator-field\"><label for=\"forminator-field-date-1-picker_69ea50a2d8e78\" id=\"forminator-field-date-1-picker_69ea50a2d8e78-label\" class=\"forminator-label\">Date <span class=\"forminator-required\">*<\/span><\/label><div class=\"forminator-input-with-icon\"><span class=\"forminator-icon-calendar\" aria-hidden=\"true\"><\/span><input autocomplete=\"off\" type=\"text\" size=\"1\" name=\"date-1\" value=\"23-04-2026\" placeholder=\"Pick a date\" id=\"forminator-field-date-1-picker_69ea50a2d8e78\" class=\"forminator-input forminator-datepicker\" data-required=\"1\" data-format=\"dd-mm-yy\" data-restrict-type=\"\" data-restrict=\"\" data-start-year=\"2026\" data-end-year=\"2126\" data-past-dates=\"enable\" data-start-of-week=\"1\" data-start-date=\"2026-04-25\" data-end-date=\"\" data-start-field=\"\" data-end-field=\"\" data-start-offset=\"\" data-end-offset=\"\" data-disable-date=\"\" data-disable-range=\"\" \/><\/div><\/div><\/div><\/div><div class=\"forminator-row\"><div id=\"time-1\" class=\"forminator-field-time forminator-col forminator-col-12\"><div class=\"forminator-timepicker\" ><div class=\"forminator-row\" data-multiple=\"true\"><div id=\"time-1-hours\" class=\"forminator-col forminator-col-6\"><div class=\"forminator-field\"><label for=\"forminator-field-388__field--time-1-hours_69ea50a2d8e78\" id=\"forminator-field-388__field--time-1-hours_69ea50a2d8e78-label\" class=\"forminator-label\">Hour <span class=\"forminator-required\">*<\/span><\/label><select name=\"time-1-hours\" id=\"forminator-field-388__field--time-1-hours_69ea50a2d8e78\" class=\"forminator-select2 time-hours has-time-limiter\" data-field=\"hours\" data-placeholder=\"Select\" aria-labelledby=\"forminator-field-388__field--time-1-hours_69ea50a2d8e78-label\" data-default-value=\"19\"><option value=\"17\" >17<\/option><option value=\"18\" >18<\/option><option value=\"19\" selected=\"selected\">19<\/option><option value=\"20\" >20<\/option><option value=\"21\" >21<\/option><option value=\"22\" >22<\/option><\/select><\/div><\/div><div id=\"time-1-minutes\" class=\"forminator-col forminator-col-6\"><div class=\"forminator-field\"><label for=\"forminator-field-388__field--time-1-minutes_69ea50a2d8e78\" id=\"forminator-field-388__field--time-1-minutes_69ea50a2d8e78-label\" class=\"forminator-label\">Minutes <span class=\"forminator-required\">*<\/span><\/label><select name=\"time-1-minutes\" id=\"forminator-field-388__field--time-1-minutes_69ea50a2d8e78\" class=\"forminator-select2 time-minutes has-time-limiter\" data-field=\"minutes\" data-placeholder=\"Select\" aria-labelledby=\"forminator-field-388__field--time-1-minutes_69ea50a2d8e78-label\" data-default-value=\"30\"><option value=\"0\" >00<\/option><option value=\"15\" >15<\/option><option value=\"30\" selected=\"selected\">30<\/option><option value=\"45\" >45<\/option><\/select><\/div><\/div><\/div><\/div><\/div><\/div><div class=\"forminator-row\" style=\"margin: 0;\"><div id=\"captcha-1\" class=\"forminator-field-captcha  forminator-col-12\"><div class=\"forminator-captcha-left forminator-g-recaptcha recaptcha-invisible\" data-theme=\"light\" data-badge=\"bottomright\" data-sitekey=\"6LcyF1giAAAAANLv5drxx0PMVUO2lSXXrfX6Oo0O\" data-size=\"invisible\"><\/div> <\/div><\/div><div class=\"forminator-row\"><div id=\"consent-1\" class=\"forminator-field-consent forminator-col forminator-col-12\"><div class=\"forminator-field\"><label for=\"forminator-field-consent-1_69ea50a2d8e78\" id=\"forminator-field-consent-1_69ea50a2d8e78-label\" class=\"forminator-label\">Agreement <span class=\"forminator-required\">*<\/span><\/label><div class=\"forminator-checkbox__wrapper\"><label id=\"forminator-field-consent-1_69ea50a2d8e78__label\" class=\"forminator-checkbox forminator-consent\"><input type=\"checkbox\" name=\"consent-1\" id=\"forminator-field-consent-1_69ea50a2d8e78\" value=\"checked\" aria-labelledby=\"forminator-field-consent-1_69ea50a2d8e78-label\" aria-describedby=\"forminator-field-consent-1_69ea50a2d8e78__description\" data-required=\"true\" aria-required=\"true\" \/><span class=\"forminator-checkbox-box\" aria-hidden=\"true\"><\/span><\/label><div id=\"forminator-field-consent-1_69ea50a2d8e78__description\" class=\"forminator-checkbox__label forminator-consent__label\"><p>Rozumiem, \u017ce rezerwacja jest odp\u0142atna i powinna zosta\u0107 rozliczona <strong>najp\u00f3\u017aniej dzie\u0144 przed\u00a0<\/strong>jej terminem. Zgodnie z opublikowan\u0105\u00a0<a href=\"https:\/\/uszkota.pl\/en\/privacy-policy\/\">polityk\u0105 prywatno\u015bci<\/a> i <a href=\"https:\/\/uszkota.pl\/en\/regulamin-lokalu\/\">regulaminem lokalu<\/a>.<\/p><\/div><\/div><\/div><\/div><\/div><input type=\"hidden\" name=\"referer_url\" value=\"\" \/><div class=\"forminator-row forminator-row-last\"><div class=\"forminator-col\"><div class=\"forminator-field\"><button class=\"forminator-button forminator-button-submit\">Send a message<\/button><\/div><\/div><\/div><input type=\"hidden\" id=\"forminator_nonce\" name=\"forminator_nonce\" value=\"6672940f23\" \/><input type=\"hidden\" name=\"_wp_http_referer\" value=\"\/en\/wp-json\/wp\/v2\/pages\/33\" \/><input type=\"hidden\" name=\"form_id\" value=\"388\"><input type=\"hidden\" name=\"page_id\" value=\"33\"><input type=\"hidden\" name=\"form_type\" value=\"default\"><input type=\"hidden\" name=\"current_url\" value=\"https:\/\/uszkota.pl\/en\/kontakt\/\"><input type=\"hidden\" name=\"render_id\" value=\"0\"><input type=\"hidden\" name=\"action\" value=\"forminator_submit_form_custom-forms\"><input type=\"hidden\" name=\"trp-form-language\" value=\"en\"\/><\/form><\/div>\n<\/div>\n<\/div>\n\n\n\n<div class=\"wp-block-columns is-layout-flex wp-container-core-columns-is-layout-28f84493 wp-block-columns-is-layout-flex\">\n<div class=\"wp-block-column is-layout-flow wp-block-column-is-layout-flow\" style=\"flex-basis:100%\">\n<div class=\"wp-block-columns is-layout-flex wp-container-core-columns-is-layout-28f84493 wp-block-columns-is-layout-flex\">\n<div class=\"wp-block-column is-layout-flow wp-block-column-is-layout-flow\" style=\"flex-basis:100%\"><\/div>\n<\/div>\n<\/div>\n<\/div>\n<\/div>\n<\/div>\n\n\n\n<div style=\"height:50px\" aria-hidden=\"true\" class=\"wp-block-spacer\"><\/div>\n\n\n\n<h2 class=\"wp-block-heading has-text-align-center intrace-animate intrace-move-right intrace-delay-1 has-text-color has-small-font-size\" style=\"color:#f21628;font-style:normal;font-weight:600;letter-spacing:1px;text-transform:uppercase\">Got Questions?<\/h2>\n\n\n\n<h2 class=\"wp-block-heading has-text-align-center intrace-animate intrace-move-right intrace-delay-3 has-intrace-primary-color has-text-color\" style=\"font-style:normal;font-weight:600;letter-spacing:1px;line-height:1;text-transform:uppercase\">WRITE OR CALL US<\/h2>\n\n\n\n<div class=\"wp-block-columns are-vertically-aligned-center intrace-animate intrace-move-right intrace-delay-3 is-layout-flex wp-container-core-columns-is-layout-28f84493 wp-block-columns-is-layout-flex\">\n<div class=\"wp-block-column is-vertically-aligned-center is-layout-flow wp-block-column-is-layout-flow\">\n<div class=\"wp-block-columns are-vertically-aligned-center is-layout-flex wp-container-core-columns-is-layout-28f84493 wp-block-columns-is-layout-flex\">\n<div class=\"wp-block-column is-vertically-aligned-center is-layout-flow wp-block-column-is-layout-flow\" style=\"flex-basis:33.33%\">\n<figure class=\"wp-block-image alignright size-full is-resized\"><img loading=\"lazy\" decoding=\"async\" width=\"96\" height=\"96\" src=\"https:\/\/uszkota.pl\/wp-content\/uploads\/2022\/08\/7.png\" alt=\"\" class=\"wp-image-392\"\/><\/figure>\n<\/div>\n\n\n\n<div class=\"wp-block-column is-vertically-aligned-center is-layout-flow wp-block-column-is-layout-flow\" style=\"flex-basis:66.66%\">\n<p>pubszkot@gmail.com<\/p>\n<\/div>\n<\/div>\n<\/div>\n\n\n\n<div class=\"wp-block-column is-vertically-aligned-center is-layout-flow wp-block-column-is-layout-flow\">\n<div class=\"wp-block-columns are-vertically-aligned-center is-layout-flex wp-container-core-columns-is-layout-28f84493 wp-block-columns-is-layout-flex\">\n<div class=\"wp-block-column is-vertically-aligned-center is-layout-flow wp-block-column-is-layout-flow\" style=\"flex-basis:33.33%\">\n<figure class=\"wp-block-image alignright size-full is-resized\"><img loading=\"lazy\" decoding=\"async\" width=\"96\" height=\"96\" src=\"https:\/\/uszkota.pl\/wp-content\/uploads\/2022\/08\/5.png\" alt=\"\" class=\"wp-image-378\"\/><\/figure>\n<\/div>\n\n\n\n<div class=\"wp-block-column is-vertically-aligned-center is-layout-flow wp-block-column-is-layout-flow\" style=\"flex-basis:66.66%\">\n<p>Chlebnicka 9\/12 80-830 Gda\u0144sk<\/p>\n<\/div>\n<\/div>\n<\/div>\n\n\n\n<div class=\"wp-block-column is-vertically-aligned-center is-layout-flow wp-block-column-is-layout-flow\">\n<div class=\"wp-block-columns are-vertically-aligned-center is-layout-flex wp-container-core-columns-is-layout-28f84493 wp-block-columns-is-layout-flex\">\n<div class=\"wp-block-column is-vertically-aligned-center is-layout-flow wp-block-column-is-layout-flow\" style=\"flex-basis:33.33%\">\n<figure class=\"wp-block-image alignright size-large is-resized\"><img loading=\"lazy\" decoding=\"async\" width=\"96\" height=\"96\" src=\"https:\/\/uszkota.pl\/wp-content\/uploads\/2022\/08\/6-96x96.png\" alt=\"\" class=\"wp-image-379\"\/><\/figure>\n<\/div>\n\n\n\n<div class=\"wp-block-column is-vertically-aligned-center is-layout-flow wp-block-column-is-layout-flow\" style=\"flex-basis:66.66%\">\n<p>500 033 636<\/p>\n<\/div>\n<\/div>\n<\/div>\n<\/div>\n\n\n\n<div style=\"height:50px\" aria-hidden=\"true\" class=\"wp-block-spacer\"><\/div>\n<\/div>","protected":false},"excerpt":{"rendered":"<p>POCZUJ DUCHA SZKOCJI ZAREZERWUJ STOLIK! MASZ PYTANIA NAPISZ DO NAS LUB ZADZWO\u0143 pubszkot@gmail.com Chlebnicka 9\/12 80-830 Gda\u0144sk 500 033 636<\/p>","protected":false},"author":1,"featured_media":0,"parent":0,"menu_order":0,"comment_status":"closed","ping_status":"closed","template":"","meta":{"ub_ctt_via":"","_regular_price":[],"currency_symbol":[],"footnotes":""},"class_list":["post-33","page","type-page","status-publish","hentry"],"featured_image_src":null,"post_slider_layout_featured_media_urls":{"thumbnail":"","post_slider_layout_landscape_large":"","post_slider_layout_portrait_large":"","post_slider_layout_square_large":"","post_slider_layout_landscape":"","post_slider_layout_portrait":"","post_slider_layout_square":"","full":""},"yoast_head":"<!-- This site is optimized with the Yoast SEO plugin v27.4 - https:\/\/yoast.com\/product\/yoast-seo-wordpress\/ -->\n<title>Kontakt - uSzkota<\/title>\n<meta name=\"robots\" content=\"index, follow, max-snippet:-1, max-image-preview:large, max-video-preview:-1\" \/>\n<link rel=\"canonical\" href=\"https:\/\/uszkota.pl\/en\/kontakt\/\" \/>\n<meta property=\"og:locale\" content=\"en_GB\" \/>\n<meta property=\"og:type\" content=\"article\" \/>\n<meta property=\"og:title\" content=\"Kontakt - uSzkota\" \/>\n<meta property=\"og:description\" content=\"POCZUJ DUCHA SZKOCJI ZAREZERWUJ STOLIK! MASZ PYTANIA NAPISZ DO NAS LUB ZADZWO\u0143 pubszkot@gmail.com Chlebnicka 9\/12 80-830 Gda\u0144sk 500 033 636\" \/>\n<meta property=\"og:url\" content=\"https:\/\/uszkota.pl\/en\/kontakt\/\" \/>\n<meta property=\"og:site_name\" content=\"uSzkota\" \/>\n<meta property=\"article:publisher\" content=\"https:\/\/www.facebook.com\/uszkota\" \/>\n<meta property=\"article:modified_time\" content=\"2023-11-08T17:42:37+00:00\" \/>\n<meta property=\"og:image\" content=\"https:\/\/uszkota.pl\/wp-content\/uploads\/2023\/11\/Projekt-bez-nazwy-5-722x1024.png\" \/>\n<meta name=\"twitter:card\" content=\"summary_large_image\" \/>\n<meta name=\"twitter:label1\" content=\"Estimated reading time\" \/>\n\t<meta name=\"twitter:data1\" content=\"1 minute\" \/>\n<script type=\"application\/ld+json\" class=\"yoast-schema-graph\">{\"@context\":\"https:\\\/\\\/schema.org\",\"@graph\":[{\"@type\":\"WebPage\",\"@id\":\"https:\\\/\\\/uszkota.pl\\\/kontakt\\\/\",\"url\":\"https:\\\/\\\/uszkota.pl\\\/kontakt\\\/\",\"name\":\"Kontakt - uSzkota\",\"isPartOf\":{\"@id\":\"https:\\\/\\\/uszkota.pl\\\/#website\"},\"primaryImageOfPage\":{\"@id\":\"https:\\\/\\\/uszkota.pl\\\/kontakt\\\/#primaryimage\"},\"image\":{\"@id\":\"https:\\\/\\\/uszkota.pl\\\/kontakt\\\/#primaryimage\"},\"thumbnailUrl\":\"https:\\\/\\\/uszkota.pl\\\/wp-content\\\/uploads\\\/2023\\\/11\\\/Projekt-bez-nazwy-5-722x1024.png\",\"datePublished\":\"2022-08-02T10:51:29+00:00\",\"dateModified\":\"2023-11-08T17:42:37+00:00\",\"breadcrumb\":{\"@id\":\"https:\\\/\\\/uszkota.pl\\\/kontakt\\\/#breadcrumb\"},\"inLanguage\":\"en-GB\",\"potentialAction\":[{\"@type\":\"ReadAction\",\"target\":[\"https:\\\/\\\/uszkota.pl\\\/kontakt\\\/\"]}]},{\"@type\":\"ImageObject\",\"inLanguage\":\"en-GB\",\"@id\":\"https:\\\/\\\/uszkota.pl\\\/kontakt\\\/#primaryimage\",\"url\":\"https:\\\/\\\/uszkota.pl\\\/wp-content\\\/uploads\\\/2023\\\/11\\\/Projekt-bez-nazwy-5-722x1024.png\",\"contentUrl\":\"https:\\\/\\\/uszkota.pl\\\/wp-content\\\/uploads\\\/2023\\\/11\\\/Projekt-bez-nazwy-5-722x1024.png\"},{\"@type\":\"BreadcrumbList\",\"@id\":\"https:\\\/\\\/uszkota.pl\\\/kontakt\\\/#breadcrumb\",\"itemListElement\":[{\"@type\":\"ListItem\",\"position\":1,\"name\":\"Strona g\u0142\u00f3wna\",\"item\":\"https:\\\/\\\/uszkota.pl\\\/\"},{\"@type\":\"ListItem\",\"position\":2,\"name\":\"Kontakt\"}]},{\"@type\":\"WebSite\",\"@id\":\"https:\\\/\\\/uszkota.pl\\\/#website\",\"url\":\"https:\\\/\\\/uszkota.pl\\\/\",\"name\":\"uSzkota\",\"description\":\"Duch Szkocji w Sercu Gda\u0144ska\",\"publisher\":{\"@id\":\"https:\\\/\\\/uszkota.pl\\\/#organization\"},\"potentialAction\":[{\"@type\":\"SearchAction\",\"target\":{\"@type\":\"EntryPoint\",\"urlTemplate\":\"https:\\\/\\\/uszkota.pl\\\/?s={search_term_string}\"},\"query-input\":{\"@type\":\"PropertyValueSpecification\",\"valueRequired\":true,\"valueName\":\"search_term_string\"}}],\"inLanguage\":\"en-GB\"},{\"@type\":\"Organization\",\"@id\":\"https:\\\/\\\/uszkota.pl\\\/#organization\",\"name\":\"u Szkota\",\"url\":\"https:\\\/\\\/uszkota.pl\\\/\",\"logo\":{\"@type\":\"ImageObject\",\"inLanguage\":\"en-GB\",\"@id\":\"https:\\\/\\\/uszkota.pl\\\/#\\\/schema\\\/logo\\\/image\\\/\",\"url\":\"http:\\\/\\\/uszkota.pl\\\/wp-content\\\/uploads\\\/2022\\\/08\\\/Projekt-bez-tytulu-2022-07-11T130831.910.png\",\"contentUrl\":\"http:\\\/\\\/uszkota.pl\\\/wp-content\\\/uploads\\\/2022\\\/08\\\/Projekt-bez-tytulu-2022-07-11T130831.910.png\",\"width\":1080,\"height\":1080,\"caption\":\"u Szkota\"},\"image\":{\"@id\":\"https:\\\/\\\/uszkota.pl\\\/#\\\/schema\\\/logo\\\/image\\\/\"},\"sameAs\":[\"https:\\\/\\\/www.facebook.com\\\/uszkota\",\"https:\\\/\\\/www.instagram.com\\\/uszkotagdansk\\\/\"]}]}<\/script>\n<!-- \/ Yoast SEO plugin. -->","yoast_head_json":{"title":"Kontakt - uSzkota","robots":{"index":"index","follow":"follow","max-snippet":"max-snippet:-1","max-image-preview":"max-image-preview:large","max-video-preview":"max-video-preview:-1"},"canonical":"https:\/\/uszkota.pl\/en\/kontakt\/","og_locale":"en_GB","og_type":"article","og_title":"Kontakt - uSzkota","og_description":"POCZUJ DUCHA SZKOCJI ZAREZERWUJ STOLIK! MASZ PYTANIA NAPISZ DO NAS LUB ZADZWO\u0143 pubszkot@gmail.com Chlebnicka 9\/12 80-830 Gda\u0144sk 500 033 636","og_url":"https:\/\/uszkota.pl\/en\/kontakt\/","og_site_name":"uSzkota","article_publisher":"https:\/\/www.facebook.com\/uszkota","article_modified_time":"2023-11-08T17:42:37+00:00","og_image":[{"url":"https:\/\/uszkota.pl\/wp-content\/uploads\/2023\/11\/Projekt-bez-nazwy-5-722x1024.png","type":"","width":"","height":""}],"twitter_card":"summary_large_image","twitter_misc":{"Estimated reading time":"1 minute"},"schema":{"@context":"https:\/\/schema.org","@graph":[{"@type":"WebPage","@id":"https:\/\/uszkota.pl\/kontakt\/","url":"https:\/\/uszkota.pl\/kontakt\/","name":"Kontakt - uSzkota","isPartOf":{"@id":"https:\/\/uszkota.pl\/#website"},"primaryImageOfPage":{"@id":"https:\/\/uszkota.pl\/kontakt\/#primaryimage"},"image":{"@id":"https:\/\/uszkota.pl\/kontakt\/#primaryimage"},"thumbnailUrl":"https:\/\/uszkota.pl\/wp-content\/uploads\/2023\/11\/Projekt-bez-nazwy-5-722x1024.png","datePublished":"2022-08-02T10:51:29+00:00","dateModified":"2023-11-08T17:42:37+00:00","breadcrumb":{"@id":"https:\/\/uszkota.pl\/kontakt\/#breadcrumb"},"inLanguage":"en-GB","potentialAction":[{"@type":"ReadAction","target":["https:\/\/uszkota.pl\/kontakt\/"]}]},{"@type":"ImageObject","inLanguage":"en-GB","@id":"https:\/\/uszkota.pl\/kontakt\/#primaryimage","url":"https:\/\/uszkota.pl\/wp-content\/uploads\/2023\/11\/Projekt-bez-nazwy-5-722x1024.png","contentUrl":"https:\/\/uszkota.pl\/wp-content\/uploads\/2023\/11\/Projekt-bez-nazwy-5-722x1024.png"},{"@type":"BreadcrumbList","@id":"https:\/\/uszkota.pl\/kontakt\/#breadcrumb","itemListElement":[{"@type":"ListItem","position":1,"name":"Strona g\u0142\u00f3wna","item":"https:\/\/uszkota.pl\/"},{"@type":"ListItem","position":2,"name":"Kontakt"}]},{"@type":"WebSite","@id":"https:\/\/uszkota.pl\/#website","url":"https:\/\/uszkota.pl\/","name":"uSzkota","description":"Duch Szkocji w Sercu Gda\u0144ska","publisher":{"@id":"https:\/\/uszkota.pl\/#organization"},"potentialAction":[{"@type":"SearchAction","target":{"@type":"EntryPoint","urlTemplate":"https:\/\/uszkota.pl\/?s={search_term_string}"},"query-input":{"@type":"PropertyValueSpecification","valueRequired":true,"valueName":"search_term_string"}}],"inLanguage":"en-GB"},{"@type":"Organization","@id":"https:\/\/uszkota.pl\/#organization","name":"u Szkota","url":"https:\/\/uszkota.pl\/","logo":{"@type":"ImageObject","inLanguage":"en-GB","@id":"https:\/\/uszkota.pl\/#\/schema\/logo\/image\/","url":"http:\/\/uszkota.pl\/wp-content\/uploads\/2022\/08\/Projekt-bez-tytulu-2022-07-11T130831.910.png","contentUrl":"http:\/\/uszkota.pl\/wp-content\/uploads\/2022\/08\/Projekt-bez-tytulu-2022-07-11T130831.910.png","width":1080,"height":1080,"caption":"u Szkota"},"image":{"@id":"https:\/\/uszkota.pl\/#\/schema\/logo\/image\/"},"sameAs":["https:\/\/www.facebook.com\/uszkota","https:\/\/www.instagram.com\/uszkotagdansk\/"]}]}},"_links":{"self":[{"href":"https:\/\/uszkota.pl\/en\/wp-json\/wp\/v2\/pages\/33","targetHints":{"allow":["GET"]}}],"collection":[{"href":"https:\/\/uszkota.pl\/en\/wp-json\/wp\/v2\/pages"}],"about":[{"href":"https:\/\/uszkota.pl\/en\/wp-json\/wp\/v2\/types\/page"}],"author":[{"embeddable":true,"href":"https:\/\/uszkota.pl\/en\/wp-json\/wp\/v2\/users\/1"}],"replies":[{"embeddable":true,"href":"https:\/\/uszkota.pl\/en\/wp-json\/wp\/v2\/comments?post=33"}],"version-history":[{"count":10,"href":"https:\/\/uszkota.pl\/en\/wp-json\/wp\/v2\/pages\/33\/revisions"}],"predecessor-version":[{"id":1055,"href":"https:\/\/uszkota.pl\/en\/wp-json\/wp\/v2\/pages\/33\/revisions\/1055"}],"wp:attachment":[{"href":"https:\/\/uszkota.pl\/en\/wp-json\/wp\/v2\/media?parent=33"}],"curies":[{"name":"wp","href":"https:\/\/api.w.org\/{rel}","templated":true}]}}