{"id":30,"date":"2022-08-02T10:51:29","date_gmt":"2022-08-02T10:51:29","guid":{"rendered":"http:\/\/uszkota.pl\/?page_id=30"},"modified":"2025-01-02T19:04:32","modified_gmt":"2025-01-02T19:04:32","slug":"menu","status":"publish","type":"page","link":"https:\/\/uszkota.pl\/en\/menu\/","title":{"rendered":"Menu"},"content":{"rendered":"<div class=\"wp-block-cover alignwide max-width\"><span aria-hidden=\"true\" class=\"wp-block-cover__background has-black-background-color has-background-dim-90 has-background-dim\"><\/span><img loading=\"lazy\" decoding=\"async\" width=\"1792\" height=\"1024\" class=\"wp-block-cover__image-background wp-image-1110\" alt=\"\" src=\"https:\/\/uszkota.pl\/wp-content\/uploads\/2024\/06\/DALL\u00b7E-2024-06-04-01.52.39-An-illustration-in-a-warm-and-uplifting-style-showing-a-Scottish-man-in-traditional-attire-such-as-a-kilt-tasting-whisky-in-Gdansk.-The-scene-should.webp\" style=\"object-position:50% 10%\" data-object-fit=\"cover\" data-object-position=\"50% 10%\" srcset=\"https:\/\/uszkota.pl\/wp-content\/uploads\/2024\/06\/DALL\u00b7E-2024-06-04-01.52.39-An-illustration-in-a-warm-and-uplifting-style-showing-a-Scottish-man-in-traditional-attire-such-as-a-kilt-tasting-whisky-in-Gdansk.-The-scene-should.webp 1792w, https:\/\/uszkota.pl\/wp-content\/uploads\/2024\/06\/DALL\u00b7E-2024-06-04-01.52.39-An-illustration-in-a-warm-and-uplifting-style-showing-a-Scottish-man-in-traditional-attire-such-as-a-kilt-tasting-whisky-in-Gdansk.-The-scene-should-300x171.webp 300w, https:\/\/uszkota.pl\/wp-content\/uploads\/2024\/06\/DALL\u00b7E-2024-06-04-01.52.39-An-illustration-in-a-warm-and-uplifting-style-showing-a-Scottish-man-in-traditional-attire-such-as-a-kilt-tasting-whisky-in-Gdansk.-The-scene-should-1024x585.webp 1024w, https:\/\/uszkota.pl\/wp-content\/uploads\/2024\/06\/DALL\u00b7E-2024-06-04-01.52.39-An-illustration-in-a-warm-and-uplifting-style-showing-a-Scottish-man-in-traditional-attire-such-as-a-kilt-tasting-whisky-in-Gdansk.-The-scene-should-768x439.webp 768w, https:\/\/uszkota.pl\/wp-content\/uploads\/2024\/06\/DALL\u00b7E-2024-06-04-01.52.39-An-illustration-in-a-warm-and-uplifting-style-showing-a-Scottish-man-in-traditional-attire-such-as-a-kilt-tasting-whisky-in-Gdansk.-The-scene-should-1536x878.webp 1536w, https:\/\/uszkota.pl\/wp-content\/uploads\/2024\/06\/DALL\u00b7E-2024-06-04-01.52.39-An-illustration-in-a-warm-and-uplifting-style-showing-a-Scottish-man-in-traditional-attire-such-as-a-kilt-tasting-whisky-in-Gdansk.-The-scene-should-18x10.webp 18w\" sizes=\"auto, (max-width: 1792px) 100vw, 1792px\" \/><div class=\"wp-block-cover__inner-container is-layout-flow wp-block-cover-is-layout-flow\">\n<div class=\"wp-block-group is-content-justification-center is-layout-constrained wp-container-core-group-is-layout-0fb7c4d0 wp-block-group-is-layout-constrained\" style=\"padding-top:90px;padding-bottom:90px\">\n<div class=\"wp-block-columns are-vertically-aligned-center is-layout-flex wp-container-core-columns-is-layout-28f84493 wp-block-columns-is-layout-flex\">\n<div class=\"wp-block-column is-vertically-aligned-center is-layout-flow wp-block-column-is-layout-flow\">\n<h2 class=\"wp-block-heading intrace-animate intrace-move-right intrace-delay- has-vivid-red-color has-text-color has-small-font-size\" style=\"letter-spacing:1px;text-transform:uppercase\">Something good for everyone<\/h2>\n\n\n\n<h2 class=\"wp-block-heading intrace-animate intrace-move-right intrace-delay-3 has-white-color has-text-color\" style=\"font-size:32px;text-transform:uppercase\">see our menu<\/h2>\n\n\n\n<div class=\"wp-block-columns is-layout-flex wp-container-core-columns-is-layout-d77a8e73 wp-block-columns-is-layout-flex\" style=\"padding-right:30px\">\n<div class=\"wp-block-column is-layout-flow wp-block-column-is-layout-flow\" style=\"flex-basis:100%\">\n<p class=\"intrace-animate intrace-move-right intrace-delay-5 has-intrace-background-color has-text-color has-tiny-font-size\" style=\"font-style:normal;font-weight:300\">Our premises are visited by very different guests. That is why we have made every effort to ensure that in our menu everyone can find something for themselves.<\/p>\n\n\n\n<p class=\"intrace-animate intrace-move-right intrace-delay-5 has-white-color has-text-color\">Bogaty wyb\u00f3r piw (r\u00f3wnie\u017c kraftowych), whisky, napoj\u00f3w bezalkoholowych, cocktaili klasycznych oraz naszych autorskich pomys\u0142\u00f3w.<\/p>\n<\/div>\n<\/div>\n\n\n\n<div class=\"wp-block-buttons intrace-animate intrace-move-right intrace-delay-7 is-content-justification-left is-layout-flex wp-container-core-buttons-is-layout-c6814511 wp-block-buttons-is-layout-flex\" style=\"margin-bottom:20px\">\n<div class=\"wp-block-button is-style-custombuttonborder2 intrace-animate intrace-move-right intrace-delay-5\"><a class=\"wp-block-button__link has-black-color has-white-background-color has-text-color has-background wp-element-button\" href=\"https:\/\/uszkota.pl\/wp-content\/uploads\/2025\/01\/Menu-2025-u-Szkota.pdf\" style=\"padding-top:12px;padding-bottom:12px\" target=\"_blank\" rel=\"noreferrer noopener\">menu<\/a><\/div>\n\n\n\n<div class=\"wp-block-button is-style-custombuttonborder2 intrace-animate intrace-move-right intrace-delay-5\"><a class=\"wp-block-button__link has-black-color has-white-background-color has-text-color has-background wp-element-button\" href=\"https:\/\/uszkota.pl\/wp-content\/uploads\/2023\/12\/Alergeny-u-Szkota.pdf\" style=\"padding-top:12px;padding-bottom:12px\" target=\"_blank\" rel=\"noreferrer noopener\">Alergeny<\/a><\/div>\n<\/div>\n<\/div>\n<\/div>\n<\/div>\n<\/div><\/div>\n\n\n\n<p><\/p>","protected":false},"excerpt":{"rendered":"","protected":false},"author":1,"featured_media":0,"parent":0,"menu_order":0,"comment_status":"closed","ping_status":"closed","template":"","meta":{"ub_ctt_via":"","_regular_price":[],"currency_symbol":[],"footnotes":""},"class_list":["post-30","page","type-page","status-publish","hentry"],"featured_image_src":null,"post_slider_layout_featured_media_urls":{"thumbnail":"","post_slider_layout_landscape_large":"","post_slider_layout_portrait_large":"","post_slider_layout_square_large":"","post_slider_layout_landscape":"","post_slider_layout_portrait":"","post_slider_layout_square":"","full":""},"yoast_head":"<!-- This site is optimized with the Yoast SEO plugin v27.5 - https:\/\/yoast.com\/product\/yoast-seo-wordpress\/ -->\n<title>Menu - uSzkota<\/title>\n<meta name=\"description\" content=\"Zobacz, jakie jest menu u szkota i czym mog\u0105 zaskoczy\u0107 Ci\u0119 barmani. Mo\u017cesz te\u017c skorzysta\u0107 z oferty jedynego w tr\u00f3jmie\u015bcie showroom!\" \/>\n<meta name=\"robots\" content=\"index, follow, max-snippet:-1, max-image-preview:large, max-video-preview:-1\" \/>\n<link rel=\"canonical\" href=\"https:\/\/uszkota.pl\/en\/menu\/\" \/>\n<meta property=\"og:locale\" content=\"en_GB\" \/>\n<meta property=\"og:type\" content=\"article\" \/>\n<meta property=\"og:title\" content=\"Menu - uSzkota\" \/>\n<meta property=\"og:description\" content=\"Zobacz, jakie jest menu u szkota i czym mog\u0105 zaskoczy\u0107 Ci\u0119 barmani. Mo\u017cesz te\u017c skorzysta\u0107 z oferty jedynego w tr\u00f3jmie\u015bcie showroom!\" \/>\n<meta property=\"og:url\" content=\"https:\/\/uszkota.pl\/en\/menu\/\" \/>\n<meta property=\"og:site_name\" content=\"uSzkota\" \/>\n<meta property=\"article:publisher\" content=\"https:\/\/www.facebook.com\/uszkota\" \/>\n<meta property=\"article:modified_time\" content=\"2025-01-02T19:04:32+00:00\" \/>\n<meta name=\"twitter:card\" content=\"summary_large_image\" \/>\n<meta name=\"twitter:label1\" content=\"Estimated reading time\" \/>\n\t<meta name=\"twitter:data1\" content=\"1 minute\" \/>\n<script type=\"application\/ld+json\" class=\"yoast-schema-graph\">{\"@context\":\"https:\\\/\\\/schema.org\",\"@graph\":[{\"@type\":\"WebPage\",\"@id\":\"https:\\\/\\\/uszkota.pl\\\/menu\\\/\",\"url\":\"https:\\\/\\\/uszkota.pl\\\/menu\\\/\",\"name\":\"Menu - uSzkota\",\"isPartOf\":{\"@id\":\"https:\\\/\\\/uszkota.pl\\\/#website\"},\"datePublished\":\"2022-08-02T10:51:29+00:00\",\"dateModified\":\"2025-01-02T19:04:32+00:00\",\"description\":\"Zobacz, jakie jest menu u szkota i czym mog\u0105 zaskoczy\u0107 Ci\u0119 barmani. Mo\u017cesz te\u017c skorzysta\u0107 z oferty jedynego w tr\u00f3jmie\u015bcie showroom!\",\"breadcrumb\":{\"@id\":\"https:\\\/\\\/uszkota.pl\\\/menu\\\/#breadcrumb\"},\"inLanguage\":\"en-GB\",\"potentialAction\":[{\"@type\":\"ReadAction\",\"target\":[\"https:\\\/\\\/uszkota.pl\\\/menu\\\/\"]}]},{\"@type\":\"BreadcrumbList\",\"@id\":\"https:\\\/\\\/uszkota.pl\\\/menu\\\/#breadcrumb\",\"itemListElement\":[{\"@type\":\"ListItem\",\"position\":1,\"name\":\"Strona g\u0142\u00f3wna\",\"item\":\"https:\\\/\\\/uszkota.pl\\\/\"},{\"@type\":\"ListItem\",\"position\":2,\"name\":\"Menu\"}]},{\"@type\":\"WebSite\",\"@id\":\"https:\\\/\\\/uszkota.pl\\\/#website\",\"url\":\"https:\\\/\\\/uszkota.pl\\\/\",\"name\":\"uSzkota\",\"description\":\"Duch Szkocji w Sercu Gda\u0144ska\",\"publisher\":{\"@id\":\"https:\\\/\\\/uszkota.pl\\\/#organization\"},\"potentialAction\":[{\"@type\":\"SearchAction\",\"target\":{\"@type\":\"EntryPoint\",\"urlTemplate\":\"https:\\\/\\\/uszkota.pl\\\/?s={search_term_string}\"},\"query-input\":{\"@type\":\"PropertyValueSpecification\",\"valueRequired\":true,\"valueName\":\"search_term_string\"}}],\"inLanguage\":\"en-GB\"},{\"@type\":\"Organization\",\"@id\":\"https:\\\/\\\/uszkota.pl\\\/#organization\",\"name\":\"u Szkota\",\"url\":\"https:\\\/\\\/uszkota.pl\\\/\",\"logo\":{\"@type\":\"ImageObject\",\"inLanguage\":\"en-GB\",\"@id\":\"https:\\\/\\\/uszkota.pl\\\/#\\\/schema\\\/logo\\\/image\\\/\",\"url\":\"http:\\\/\\\/uszkota.pl\\\/wp-content\\\/uploads\\\/2022\\\/08\\\/Projekt-bez-tytulu-2022-07-11T130831.910.png\",\"contentUrl\":\"http:\\\/\\\/uszkota.pl\\\/wp-content\\\/uploads\\\/2022\\\/08\\\/Projekt-bez-tytulu-2022-07-11T130831.910.png\",\"width\":1080,\"height\":1080,\"caption\":\"u Szkota\"},\"image\":{\"@id\":\"https:\\\/\\\/uszkota.pl\\\/#\\\/schema\\\/logo\\\/image\\\/\"},\"sameAs\":[\"https:\\\/\\\/www.facebook.com\\\/uszkota\",\"https:\\\/\\\/www.instagram.com\\\/uszkotagdansk\\\/\"]}]}<\/script>\n<!-- \/ Yoast SEO plugin. -->","yoast_head_json":{"title":"Menu - uSzkota","description":"Zobacz, jakie jest menu u szkota i czym mog\u0105 zaskoczy\u0107 Ci\u0119 barmani. Mo\u017cesz te\u017c skorzysta\u0107 z oferty jedynego w tr\u00f3jmie\u015bcie showroom!","robots":{"index":"index","follow":"follow","max-snippet":"max-snippet:-1","max-image-preview":"max-image-preview:large","max-video-preview":"max-video-preview:-1"},"canonical":"https:\/\/uszkota.pl\/en\/menu\/","og_locale":"en_GB","og_type":"article","og_title":"Menu - uSzkota","og_description":"Zobacz, jakie jest menu u szkota i czym mog\u0105 zaskoczy\u0107 Ci\u0119 barmani. Mo\u017cesz te\u017c skorzysta\u0107 z oferty jedynego w tr\u00f3jmie\u015bcie showroom!","og_url":"https:\/\/uszkota.pl\/en\/menu\/","og_site_name":"uSzkota","article_publisher":"https:\/\/www.facebook.com\/uszkota","article_modified_time":"2025-01-02T19:04:32+00:00","twitter_card":"summary_large_image","twitter_misc":{"Estimated reading time":"1 minute"},"schema":{"@context":"https:\/\/schema.org","@graph":[{"@type":"WebPage","@id":"https:\/\/uszkota.pl\/menu\/","url":"https:\/\/uszkota.pl\/menu\/","name":"Menu - uSzkota","isPartOf":{"@id":"https:\/\/uszkota.pl\/#website"},"datePublished":"2022-08-02T10:51:29+00:00","dateModified":"2025-01-02T19:04:32+00:00","description":"Zobacz, jakie jest menu u szkota i czym mog\u0105 zaskoczy\u0107 Ci\u0119 barmani. Mo\u017cesz te\u017c skorzysta\u0107 z oferty jedynego w tr\u00f3jmie\u015bcie showroom!","breadcrumb":{"@id":"https:\/\/uszkota.pl\/menu\/#breadcrumb"},"inLanguage":"en-GB","potentialAction":[{"@type":"ReadAction","target":["https:\/\/uszkota.pl\/menu\/"]}]},{"@type":"BreadcrumbList","@id":"https:\/\/uszkota.pl\/menu\/#breadcrumb","itemListElement":[{"@type":"ListItem","position":1,"name":"Strona g\u0142\u00f3wna","item":"https:\/\/uszkota.pl\/"},{"@type":"ListItem","position":2,"name":"Menu"}]},{"@type":"WebSite","@id":"https:\/\/uszkota.pl\/#website","url":"https:\/\/uszkota.pl\/","name":"uSzkota","description":"Duch Szkocji w Sercu Gda\u0144ska","publisher":{"@id":"https:\/\/uszkota.pl\/#organization"},"potentialAction":[{"@type":"SearchAction","target":{"@type":"EntryPoint","urlTemplate":"https:\/\/uszkota.pl\/?s={search_term_string}"},"query-input":{"@type":"PropertyValueSpecification","valueRequired":true,"valueName":"search_term_string"}}],"inLanguage":"en-GB"},{"@type":"Organization","@id":"https:\/\/uszkota.pl\/#organization","name":"u Szkota","url":"https:\/\/uszkota.pl\/","logo":{"@type":"ImageObject","inLanguage":"en-GB","@id":"https:\/\/uszkota.pl\/#\/schema\/logo\/image\/","url":"http:\/\/uszkota.pl\/wp-content\/uploads\/2022\/08\/Projekt-bez-tytulu-2022-07-11T130831.910.png","contentUrl":"http:\/\/uszkota.pl\/wp-content\/uploads\/2022\/08\/Projekt-bez-tytulu-2022-07-11T130831.910.png","width":1080,"height":1080,"caption":"u Szkota"},"image":{"@id":"https:\/\/uszkota.pl\/#\/schema\/logo\/image\/"},"sameAs":["https:\/\/www.facebook.com\/uszkota","https:\/\/www.instagram.com\/uszkotagdansk\/"]}]}},"_links":{"self":[{"href":"https:\/\/uszkota.pl\/en\/wp-json\/wp\/v2\/pages\/30","targetHints":{"allow":["GET"]}}],"collection":[{"href":"https:\/\/uszkota.pl\/en\/wp-json\/wp\/v2\/pages"}],"about":[{"href":"https:\/\/uszkota.pl\/en\/wp-json\/wp\/v2\/types\/page"}],"author":[{"embeddable":true,"href":"https:\/\/uszkota.pl\/en\/wp-json\/wp\/v2\/users\/1"}],"replies":[{"embeddable":true,"href":"https:\/\/uszkota.pl\/en\/wp-json\/wp\/v2\/comments?post=30"}],"version-history":[{"count":32,"href":"https:\/\/uszkota.pl\/en\/wp-json\/wp\/v2\/pages\/30\/revisions"}],"predecessor-version":[{"id":1132,"href":"https:\/\/uszkota.pl\/en\/wp-json\/wp\/v2\/pages\/30\/revisions\/1132"}],"wp:attachment":[{"href":"https:\/\/uszkota.pl\/en\/wp-json\/wp\/v2\/media?parent=30"}],"curies":[{"name":"wp","href":"https:\/\/api.w.org\/{rel}","templated":true}]}}