{"id":3,"date":"2022-07-07T11:10:25","date_gmt":"2022-07-07T11:10:25","guid":{"rendered":"http:\/\/uszkota.pl\/?page_id=3"},"modified":"2022-12-01T22:34:59","modified_gmt":"2022-12-01T22:34:59","slug":"privacy-policy","status":"publish","type":"page","link":"https:\/\/uszkota.pl\/en\/privacy-policy\/","title":{"rendered":"Privacy Policy"},"content":{"rendered":"<p><\/p>\n\n\n\n<h2 class=\"wp-block-heading\"><strong>Privacy policy of the www.uSzkota.pl website<\/strong> oraz lokalu &#8222;u Szkota&#8221;<\/h2>\n\n\n\n<p class=\"has-intrace-primary-color has-text-color\"><br>Hi!<\/p>\n\n\n\n<p class=\"has-intrace-primary-color has-text-color\">If you are here, it means that you value your privacy. That's good, because we also respect her and want to provide you with comfort at every stage of our relationship. That is why we have prepared this summary document where you will find all the information you need!<\/p>\n\n\n\n<p class=\"has-intrace-primary-color has-text-color\">Let's start from the beginning. The data controller is:<br>&#8222;Intergastr&#8221; Dorota Komassa-Lewandowska z siedzib\u0105 Gda\u0144sku przy ul. Chlebnickiej 9\/12<br>NIP 9570258846 REGON 221509994<\/p>\n\n\n\n<p class=\"has-intrace-primary-color has-text-color\">In case of any doubts related to the privacy policy, you can contact us at any time<br>contact us by sending a message to pubszkot@gmail.com or by calling<br>number 500 033 636.<br><\/p>\n\n\n\n<h3 class=\"has-intrace-primary-color has-text-color wp-block-heading\">1. Short version<\/h3>\n\n\n\n<p class=\"has-intrace-primary-color has-text-color\">No time to read all the content?<br>Don't worry - we have a shortened version for you:<\/p>\n\n\n\n<p class=\"has-intrace-primary-color has-text-color\"><strong>1.1.<\/strong> By using our various services, you provide us with your personal data, and we guarantee that your data will remain confidential, secure and will not be disclosed to any third parties without your express consent. You do this, among other things:<br>a) by making a reservation on our website, by phone, in person or by e-mail,<br>b) by subscribing to the newsletter,<br>c) by browsing our website,<br>d) when submitting a complaint,<br>e) during typical activities undertaken at the place, e.g. opening the bill, using discounts, confirming age,<br>f) The premises are monitored, so we record the image using cameras (video surveillance) for security purposes,<br>g) when ordering an installation service,<br>h) by providing data for invoicing<br>i) simply by contacting us.<\/p>\n\n\n\n<p class=\"has-intrace-primary-color has-text-color\"><strong>1.2.<\/strong> We use analytical tools, such as Google Analytics, which collect anonymous information about your website visits, such as: subpages that<br>you viewed, the time you spent on the website or transitions between individual subpages. For this purpose, Google cookies for the Google Analytics service are used.<\/p>\n\n\n\n<p class=\"has-intrace-primary-color has-text-color\"><strong>1.3.<\/strong> We use marketing tools provided by Facebook and Google marketing tools, which involves the use of Facebook cookies, in particular Pixel Facebook and Google cookies.<\/p>\n\n\n\n<p class=\"has-intrace-primary-color has-text-color\"><strong>1.4.<\/strong> In order for you to use the website comfortably, we use first-party cookies, including to track the steps you take while using the website, such as clicks on links and other objects.<\/p>\n\n\n\n<p class=\"has-intrace-primary-color has-text-color\"><strong>1.5.<\/strong> If the above information is not enough for you, you will find the details below!<br><\/p>\n\n\n\n<h3 class=\"has-intrace-primary-color has-text-color wp-block-heading\">2. Data administrator<\/h3>\n\n\n\n<p class=\"has-intrace-primary-color has-text-color\"><strong>2.1.<\/strong> Administratorem danych osobowych zawartych w serwisie jest &#8222;Intergastr&#8221; Dorota Komassa-Lewandowska z siedzib\u0105 Gda\u0144sku przy ul. Chlebnickiej 9\/12 NIP 9570258846 REGON 221509994, zwana dalej ADMINISTRATOREM.<\/p>\n\n\n\n<p class=\"has-intrace-primary-color has-text-color\"><strong>2.2. <\/strong>The Administrator guarantees the confidentiality of all personal data provided by Guests. The administrator ensures that all security and personal data protection measures required by the provisions on the protection of personal data are taken. Personal data is collected with due diligence and properly protected against access by unauthorized persons.<br><\/p>\n\n\n\n<h3 class=\"has-intrace-primary-color has-text-color wp-block-heading\">3. Eligible Rights<\/h3>\n\n\n\n<p class=\"has-intrace-primary-color has-text-color\"><strong>3.1.<\/strong> In connection with the processing of your personal data by us, you are entitled to<br>you the following permissions:<br>a) the right to request access to your personal data, rectification, deletion or limitation of processing,<br>b) the right to object to processing,<br>c) the right to transfer data,<br>d) the right to withdraw consent to the processing of personal data for a specific purpose, if you have previously given such consent,<br>e) the right to lodge a complaint with the supervisory authority in connection with the processing of personal data by us.<\/p>\n\n\n\n<p class=\"has-intrace-primary-color has-text-color\"><strong>3.2.<\/strong> You can exercise the above rights in accordance with the rules described in art. 16 \u2013 21 GDPR by contacting us at pubszkot@gmail.com We may refuse to exercise some of the rights listed above in a situation where the exercise of a given right would conflict with the legitimate purpose of data processing by us.<\/p>\n\n\n\n<p class=\"has-intrace-primary-color has-text-color\"><strong>3.3.<\/strong>Providing personal data by you is always voluntary, but necessary to make a reservation, use the offered service, set up an account, subscribe to the newsletter, submit a complaint or simply contact us.<\/p>\n\n\n\n<p class=\"has-intrace-primary-color has-text-color\"><strong>3.4.<\/strong> We guarantee the confidentiality of any personal data provided to us. We ensure that all security and personal data protection measures required by the provisions on the protection of personal data are taken. Personal data is collected with due diligence and properly protected against access by unauthorized persons.<br><\/p>\n\n\n\n<h3 class=\"has-intrace-primary-color has-text-color wp-block-heading\">4. Obtaining personal data<\/h3>\n\n\n\n<p class=\"has-intrace-primary-color has-text-color\"><strong>4.1.<\/strong> Reserving tables, service and catering services by e-mail, by phone or in person at the company's headquarters.<br>a) Reservation. When making reservations, you must provide your basic details, such as name, email address, telephone number. You can modify your data at any time by sending us an e-mail to pubszkot@gmail.com or in person at the company's headquarters.<br>b) The legal basis for processing is the necessity of processing to perform the contract (Article 6(1)(b) of the GDPR), and in the scope of data provided optionally - the legal basis for processing is consent (Article 6(1)(a) of the GDPR).<br>c) Your personal data is processed for the performance of the contract referred to above and stored for a period of 12 months. You can decide to delete them at any time, which will also result in the removal of your personal data from the database. Remember, however, that this does not result in the removal of data appearing on invoices, if they have been issued.<\/p>\n\n\n\n<p class=\"has-intrace-primary-color has-text-color\"><strong>4.2.<\/strong> Giving invoices.<br>a) If we issue you an invoice in connection with the services provided, for this purpose we process your personal data to the extent necessary to issue and send the invoice.<br>b) The legal basis for the processing of your data in this case is the fulfillment of the legal obligation to issue an invoice.<br>c) In addition, all issued invoices are included in the accounting documentation, therefore your data will naturally be processed as part of this documentation for the period of time required by law.<\/p>\n\n\n\n<p class=\"has-intrace-primary-color has-text-color\"><strong>4.3.<\/strong> Complaints.<br>a) If you submit a complaint, you provide us with the data contained in it, and we process this data in order to carry out the complaint procedure.<br>b) The legal basis for the processing of your data in this case is the fulfillment of our legal obligations related to the complaint procedure.<\/p>\n\n\n\n<p class=\"has-intrace-primary-color has-text-color\"><strong>4.4.<\/strong> newsletter.<br>a) By subscribing to the newsletter, you provide us with your personal data in the form of your name, surname and e-mail address, and we process this data in order to send you the newsletter.<br>b) The legal basis for the processing of your data in this case is your consent, expressed by selecting the appropriate content of the checkbox when making a reservation or a special form.<br>c) The data provided in the booking form when subscribing to the newsletter will be saved in the mailing system database and will be stored there for a period of time<br>the duration of the subscription, unless you unsubscribe from the newsletter earlier, which will delete the data from the database.<\/p>\n\n\n\n<p class=\"has-intrace-primary-color has-text-color\"><strong>4.5.<\/strong> Contact by e-mail or via other messengers (in particular Facebook messenger, Google company, Instagram direct and others).<br>a) By contacting us via these forms, you naturally provide us with your e-mail address or other identifier as the sender's address. In addition, you can also include other personal data in the content of the message.<br>b) The legal basis for the processing of personal data in this case is your consent resulting from initiating contact with us.<br>c) Your personal data provided to us as part of this form of contact is processed in order to handle your inquiry or order. The content of correspondence is archived.<\/p>\n\n\n\n<p class=\"has-intrace-primary-color has-text-color\"><strong>4.6.<\/strong> Telephone contact. <br>a) When you contact us by telephone, you naturally provide us with your telephone number as an identifier. In addition, during the conversation, you can also include other personal data.<br>b) The legal basis for the processing of personal data in this case is your consent resulting from initiating contact with us.<br>c) Your personal data provided to us as part of telephone contact is processed only for the purpose of handling your inquiry. <br>d) The content of the conversations is not archived.<\/p>\n\n\n\n<p class=\"has-intrace-primary-color has-text-color\"><strong>4.7.<\/strong> activities undertaken in the Pub, e.g. opening an account, using discounts, freebies, personal vouchers, making advance payments, deposits, etc.<br>a) The legal basis for the processing of personal data in this case is your consent resulting from the willingness to take advantage of the discount or service and\/or as a result, our fulfillment of legal obligations related to transaction documentation, when required by law.<br>b) All issued documents with the discount included are in the accounting documentation, therefore your data will naturally be processed as part of this documentation for the period required by law.<\/p>\n\n\n\n<p class=\"has-intrace-primary-color has-text-color\"><strong>4.8. <\/strong>activities undertaken in the Pub related to the verification of personal data or sensitive data on the basis of separate regulations. e.g. confirmation of age, etc.<br>a) The legal basis for the processing of your data in this case is the fulfillment of our legal obligations related to the procedure of verifying the right to use our services.<br>b) Your personal data provided to us as part of such activities is processed only for verification purposes and is not subject to archiving.<\/p>\n\n\n\n<p class=\"has-intrace-primary-color has-text-color\"><strong>4.9. <\/strong>Monitoring<br>a) While staying in the Pub, you provide us with your image via video monitoring.<br>b) The legal basis for the processing of personal data is art. 6 sec. 1 letter f) of the GDPR - the legitimate interest of the administrator, i.e. in order to improve the security, guests, employees and property of the administrator.<br>c) Monitoring records will be stored until they are overwritten (depending on the size of the recordings) for a maximum of 90 days or until the final conclusion of the proceedings conducted on the basis of relevant legal provisions.<\/p>\n\n\n\n<p class=\"has-intrace-primary-color has-text-color\"><strong>4.10<\/strong>. Server logs.<br>a) Using the website involves sending queries to the server where the website is stored. Each query addressed to the server is saved in the server logs.<br>b) Logs include e.g. Your IP address, server date and time, information about the web browser and operating system you are using. Logs are saved and stored on the server.<br>c) The data stored in the server logs are not associated with specific persons using the website and are not used by us to identify you, and their content is not disclosed to anyone except persons authorized to administer the server.<br><\/p>\n\n\n\n<h3 class=\"has-intrace-primary-color has-text-color wp-block-heading\">5. Cookies<\/h3>\n\n\n\n<p class=\"has-intrace-primary-color has-text-color\"><strong>5.1.<\/strong> Our Cookies<br>a) Our website, like almost all other websites, uses cookies to provide you with the best experience related to its use. Cookies are small text information stored on your end device (e.g. computer, tablet, smartphone) that can be read by our ICT system.<br>b) The legal basis for the processing of personal data in this case is your consent expressed by accepting the message when you first visit the website.<br>c) You can always withdraw your consent by deleting cookies and changing cookie settings in your browser. Remember, however, that disabling cookies may cause difficulties in using the website, as well as many other websites that use cookies.<\/p>\n\n\n\n<p class=\"has-intrace-primary-color has-text-color\"><strong>5.2.<\/strong> Third party cookies.<br>a) Our website, like most modern websites, uses functions provided by third parties, which involves<br>using cookies from third parties.<br>b) The legal basis for the processing of personal data in this case is your consent expressed by accepting the message when you first visit the website.<br>c) You can always withdraw your consent by deleting cookies and changing cookie settings in your browser. Remember, however, that disabling cookies may cause difficulties in using the website, as well as many other websites that use cookies.<br>d) The data is processed for the purposes of:<br>\u2022 \u2022 \u2022 Analysis and statistics. <br>We use cookies to track website statistics, such as the number of visitors, type of operating system and web browser used to browse the website, time spent on the website, visited subpages, etc. We use Google Analytics in this regard. The information collected in this regard is completely anonymous and does not allow your identification. For this purpose, Google cookies for the Google Analytics service are used.<br>\u2022 \u2022 \u2022 Marketing. <br>We use marketing tools provided by Facebook and Google, which enables the use of Facebook cookies on the Facebook Pixel device, as well as Google cookies.<\/p>","protected":false},"excerpt":{"rendered":"<p>Polityka prywatno\u015bci serwisu www.uSzkota.pl oraz lokalu &#8222;u Szkota&#8221; Cze\u015b\u0107! Skoro tu jeste\u015b, to znaczy, \u017ce cenisz sobie swoj\u0105 prywatno\u015b\u0107. To dobrze, poniewa\u017c r\u00f3wnie\u017c j\u0105 szanujemy i chcemy zapewni\u0107 Ci komfort na ka\u017cdym etapie naszej relacji. Dlatego przygotowali\u015bmy ten zbiorczy dokument, w kt\u00f3rym znajdziesz wszystkie potrzebne informacje! Zacznijmy od pocz\u0105tku, czyli tego, \u017ce administratorem danych jest:&#8222;Intergastr&#8221; Dorota Komassa-Lewandowska z siedzib\u0105 Gda\u0144sku przy ul. Chlebnickiej 9\/12NIP 9570258846 REGON 221509994 W razie jakichkolwiek w\u0105tpliwo\u015bci zwi\u0105zanych z polityk\u0105 prywatno\u015bci, w ka\u017cdej chwili mo\u017ceszskontaktowa\u0107 si\u0119 z nami, wysy\u0142aj\u0105c wiadomo\u015b\u0107 na adres pubszkot@gmail.com lub dzwoni\u0105c podnumer 500 033 636. 1. Skr\u00f3cona wersja Nie masz czasu na<\/p>","protected":false},"author":1,"featured_media":0,"parent":0,"menu_order":0,"comment_status":"closed","ping_status":"open","template":"","meta":{"ub_ctt_via":"","_regular_price":[],"currency_symbol":[],"footnotes":""},"class_list":["post-3","page","type-page","status-publish","hentry"],"featured_image_src":null,"post_slider_layout_featured_media_urls":{"thumbnail":"","post_slider_layout_landscape_large":"","post_slider_layout_portrait_large":"","post_slider_layout_square_large":"","post_slider_layout_landscape":"","post_slider_layout_portrait":"","post_slider_layout_square":"","full":""},"yoast_head":"<!-- This site is optimized with the Yoast SEO plugin v27.3 - https:\/\/yoast.com\/product\/yoast-seo-wordpress\/ -->\n<title>Polityka Prywatno\u015bci - uSzkota<\/title>\n<meta name=\"robots\" content=\"index, follow, max-snippet:-1, max-image-preview:large, max-video-preview:-1\" \/>\n<link rel=\"canonical\" href=\"https:\/\/uszkota.pl\/en\/privacy-policy\/\" \/>\n<meta property=\"og:locale\" content=\"en_GB\" \/>\n<meta property=\"og:type\" content=\"article\" \/>\n<meta property=\"og:title\" content=\"Polityka Prywatno\u015bci - uSzkota\" \/>\n<meta property=\"og:description\" content=\"Polityka prywatno\u015bci serwisu www.uSzkota.pl oraz lokalu &#8222;u Szkota&#8221; Cze\u015b\u0107! Skoro tu jeste\u015b, to znaczy, \u017ce cenisz sobie swoj\u0105 prywatno\u015b\u0107. To dobrze, poniewa\u017c r\u00f3wnie\u017c j\u0105 szanujemy i chcemy zapewni\u0107 Ci komfort na ka\u017cdym etapie naszej relacji. Dlatego przygotowali\u015bmy ten zbiorczy dokument, w kt\u00f3rym znajdziesz wszystkie potrzebne informacje! Zacznijmy od pocz\u0105tku, czyli tego, \u017ce administratorem danych jest:&#8222;Intergastr&#8221; Dorota Komassa-Lewandowska z siedzib\u0105 Gda\u0144sku przy ul. Chlebnickiej 9\/12NIP 9570258846 REGON 221509994 W razie jakichkolwiek w\u0105tpliwo\u015bci zwi\u0105zanych z polityk\u0105 prywatno\u015bci, w ka\u017cdej chwili mo\u017ceszskontaktowa\u0107 si\u0119 z nami, wysy\u0142aj\u0105c wiadomo\u015b\u0107 na adres pubszkot@gmail.com lub dzwoni\u0105c podnumer 500 033 636. 1. Skr\u00f3cona wersja Nie masz czasu na\" \/>\n<meta property=\"og:url\" content=\"https:\/\/uszkota.pl\/en\/privacy-policy\/\" \/>\n<meta property=\"og:site_name\" content=\"uSzkota\" \/>\n<meta property=\"article:publisher\" content=\"https:\/\/www.facebook.com\/uszkota\" \/>\n<meta property=\"article:modified_time\" content=\"2022-12-01T22:34:59+00:00\" \/>\n<meta name=\"twitter:card\" content=\"summary_large_image\" \/>\n<meta name=\"twitter:label1\" content=\"Estimated reading time\" \/>\n\t<meta name=\"twitter:data1\" content=\"11 minutes\" \/>\n<script type=\"application\/ld+json\" class=\"yoast-schema-graph\">{\"@context\":\"https:\\\/\\\/schema.org\",\"@graph\":[{\"@type\":\"WebPage\",\"@id\":\"https:\\\/\\\/uszkota.pl\\\/privacy-policy\\\/\",\"url\":\"https:\\\/\\\/uszkota.pl\\\/privacy-policy\\\/\",\"name\":\"Polityka Prywatno\u015bci - uSzkota\",\"isPartOf\":{\"@id\":\"https:\\\/\\\/uszkota.pl\\\/#website\"},\"datePublished\":\"2022-07-07T11:10:25+00:00\",\"dateModified\":\"2022-12-01T22:34:59+00:00\",\"breadcrumb\":{\"@id\":\"https:\\\/\\\/uszkota.pl\\\/privacy-policy\\\/#breadcrumb\"},\"inLanguage\":\"en-GB\",\"potentialAction\":[{\"@type\":\"ReadAction\",\"target\":[\"https:\\\/\\\/uszkota.pl\\\/privacy-policy\\\/\"]}]},{\"@type\":\"BreadcrumbList\",\"@id\":\"https:\\\/\\\/uszkota.pl\\\/privacy-policy\\\/#breadcrumb\",\"itemListElement\":[{\"@type\":\"ListItem\",\"position\":1,\"name\":\"Strona g\u0142\u00f3wna\",\"item\":\"https:\\\/\\\/uszkota.pl\\\/\"},{\"@type\":\"ListItem\",\"position\":2,\"name\":\"Polityka Prywatno\u015bci\"}]},{\"@type\":\"WebSite\",\"@id\":\"https:\\\/\\\/uszkota.pl\\\/#website\",\"url\":\"https:\\\/\\\/uszkota.pl\\\/\",\"name\":\"uSzkota\",\"description\":\"Duch Szkocji w Sercu Gda\u0144ska\",\"publisher\":{\"@id\":\"https:\\\/\\\/uszkota.pl\\\/#organization\"},\"potentialAction\":[{\"@type\":\"SearchAction\",\"target\":{\"@type\":\"EntryPoint\",\"urlTemplate\":\"https:\\\/\\\/uszkota.pl\\\/?s={search_term_string}\"},\"query-input\":{\"@type\":\"PropertyValueSpecification\",\"valueRequired\":true,\"valueName\":\"search_term_string\"}}],\"inLanguage\":\"en-GB\"},{\"@type\":\"Organization\",\"@id\":\"https:\\\/\\\/uszkota.pl\\\/#organization\",\"name\":\"u Szkota\",\"url\":\"https:\\\/\\\/uszkota.pl\\\/\",\"logo\":{\"@type\":\"ImageObject\",\"inLanguage\":\"en-GB\",\"@id\":\"https:\\\/\\\/uszkota.pl\\\/#\\\/schema\\\/logo\\\/image\\\/\",\"url\":\"http:\\\/\\\/uszkota.pl\\\/wp-content\\\/uploads\\\/2022\\\/08\\\/Projekt-bez-tytulu-2022-07-11T130831.910.png\",\"contentUrl\":\"http:\\\/\\\/uszkota.pl\\\/wp-content\\\/uploads\\\/2022\\\/08\\\/Projekt-bez-tytulu-2022-07-11T130831.910.png\",\"width\":1080,\"height\":1080,\"caption\":\"u Szkota\"},\"image\":{\"@id\":\"https:\\\/\\\/uszkota.pl\\\/#\\\/schema\\\/logo\\\/image\\\/\"},\"sameAs\":[\"https:\\\/\\\/www.facebook.com\\\/uszkota\",\"https:\\\/\\\/www.instagram.com\\\/uszkotagdansk\\\/\"]}]}<\/script>\n<!-- \/ Yoast SEO plugin. -->","yoast_head_json":{"title":"Polityka Prywatno\u015bci - uSzkota","robots":{"index":"index","follow":"follow","max-snippet":"max-snippet:-1","max-image-preview":"max-image-preview:large","max-video-preview":"max-video-preview:-1"},"canonical":"https:\/\/uszkota.pl\/en\/privacy-policy\/","og_locale":"en_GB","og_type":"article","og_title":"Polityka Prywatno\u015bci - uSzkota","og_description":"Polityka prywatno\u015bci serwisu www.uSzkota.pl oraz lokalu &#8222;u Szkota&#8221; Cze\u015b\u0107! Skoro tu jeste\u015b, to znaczy, \u017ce cenisz sobie swoj\u0105 prywatno\u015b\u0107. To dobrze, poniewa\u017c r\u00f3wnie\u017c j\u0105 szanujemy i chcemy zapewni\u0107 Ci komfort na ka\u017cdym etapie naszej relacji. Dlatego przygotowali\u015bmy ten zbiorczy dokument, w kt\u00f3rym znajdziesz wszystkie potrzebne informacje! Zacznijmy od pocz\u0105tku, czyli tego, \u017ce administratorem danych jest:&#8222;Intergastr&#8221; Dorota Komassa-Lewandowska z siedzib\u0105 Gda\u0144sku przy ul. Chlebnickiej 9\/12NIP 9570258846 REGON 221509994 W razie jakichkolwiek w\u0105tpliwo\u015bci zwi\u0105zanych z polityk\u0105 prywatno\u015bci, w ka\u017cdej chwili mo\u017ceszskontaktowa\u0107 si\u0119 z nami, wysy\u0142aj\u0105c wiadomo\u015b\u0107 na adres pubszkot@gmail.com lub dzwoni\u0105c podnumer 500 033 636. 1. Skr\u00f3cona wersja Nie masz czasu na","og_url":"https:\/\/uszkota.pl\/en\/privacy-policy\/","og_site_name":"uSzkota","article_publisher":"https:\/\/www.facebook.com\/uszkota","article_modified_time":"2022-12-01T22:34:59+00:00","twitter_card":"summary_large_image","twitter_misc":{"Estimated reading time":"11 minutes"},"schema":{"@context":"https:\/\/schema.org","@graph":[{"@type":"WebPage","@id":"https:\/\/uszkota.pl\/privacy-policy\/","url":"https:\/\/uszkota.pl\/privacy-policy\/","name":"Polityka Prywatno\u015bci - uSzkota","isPartOf":{"@id":"https:\/\/uszkota.pl\/#website"},"datePublished":"2022-07-07T11:10:25+00:00","dateModified":"2022-12-01T22:34:59+00:00","breadcrumb":{"@id":"https:\/\/uszkota.pl\/privacy-policy\/#breadcrumb"},"inLanguage":"en-GB","potentialAction":[{"@type":"ReadAction","target":["https:\/\/uszkota.pl\/privacy-policy\/"]}]},{"@type":"BreadcrumbList","@id":"https:\/\/uszkota.pl\/privacy-policy\/#breadcrumb","itemListElement":[{"@type":"ListItem","position":1,"name":"Strona g\u0142\u00f3wna","item":"https:\/\/uszkota.pl\/"},{"@type":"ListItem","position":2,"name":"Polityka Prywatno\u015bci"}]},{"@type":"WebSite","@id":"https:\/\/uszkota.pl\/#website","url":"https:\/\/uszkota.pl\/","name":"uSzkota","description":"Duch Szkocji w Sercu Gda\u0144ska","publisher":{"@id":"https:\/\/uszkota.pl\/#organization"},"potentialAction":[{"@type":"SearchAction","target":{"@type":"EntryPoint","urlTemplate":"https:\/\/uszkota.pl\/?s={search_term_string}"},"query-input":{"@type":"PropertyValueSpecification","valueRequired":true,"valueName":"search_term_string"}}],"inLanguage":"en-GB"},{"@type":"Organization","@id":"https:\/\/uszkota.pl\/#organization","name":"u Szkota","url":"https:\/\/uszkota.pl\/","logo":{"@type":"ImageObject","inLanguage":"en-GB","@id":"https:\/\/uszkota.pl\/#\/schema\/logo\/image\/","url":"http:\/\/uszkota.pl\/wp-content\/uploads\/2022\/08\/Projekt-bez-tytulu-2022-07-11T130831.910.png","contentUrl":"http:\/\/uszkota.pl\/wp-content\/uploads\/2022\/08\/Projekt-bez-tytulu-2022-07-11T130831.910.png","width":1080,"height":1080,"caption":"u Szkota"},"image":{"@id":"https:\/\/uszkota.pl\/#\/schema\/logo\/image\/"},"sameAs":["https:\/\/www.facebook.com\/uszkota","https:\/\/www.instagram.com\/uszkotagdansk\/"]}]}},"_links":{"self":[{"href":"https:\/\/uszkota.pl\/en\/wp-json\/wp\/v2\/pages\/3","targetHints":{"allow":["GET"]}}],"collection":[{"href":"https:\/\/uszkota.pl\/en\/wp-json\/wp\/v2\/pages"}],"about":[{"href":"https:\/\/uszkota.pl\/en\/wp-json\/wp\/v2\/types\/page"}],"author":[{"embeddable":true,"href":"https:\/\/uszkota.pl\/en\/wp-json\/wp\/v2\/users\/1"}],"replies":[{"embeddable":true,"href":"https:\/\/uszkota.pl\/en\/wp-json\/wp\/v2\/comments?post=3"}],"version-history":[{"count":5,"href":"https:\/\/uszkota.pl\/en\/wp-json\/wp\/v2\/pages\/3\/revisions"}],"predecessor-version":[{"id":687,"href":"https:\/\/uszkota.pl\/en\/wp-json\/wp\/v2\/pages\/3\/revisions\/687"}],"wp:attachment":[{"href":"https:\/\/uszkota.pl\/en\/wp-json\/wp\/v2\/media?parent=3"}],"curies":[{"name":"wp","href":"https:\/\/api.w.org\/{rel}","templated":true}]}}